{"id":1033,"date":"2021-05-23T11:39:27","date_gmt":"2021-05-23T09:39:27","guid":{"rendered":"http:\/\/pascalnoppe.com\/?post_type=product&#038;p=1033"},"modified":"2021-05-23T11:39:36","modified_gmt":"2021-05-23T09:39:36","slug":"cocktail-hyppodrome-de-chantilly","status":"publish","type":"product","link":"https:\/\/pascalnoppe.com\/index.php\/produit\/cocktail-hyppodrome-de-chantilly\/","title":{"rendered":"Cocktail Hyppodrome de Chantilly"},"content":{"rendered":"<p>Cocktail sucr\u00e9s et sal\u00e9s, service Maitre d&rsquo;H\u00f4tel,s\u00e9lection de canap\u00e9s, navettes, pain surprises, fours frais&#8230;<\/p>\n","protected":false},"excerpt":{"rendered":"<p>Cocktail sucr\u00e9s et sal\u00e9s, service Maitre d&rsquo;H\u00f4tel,s\u00e9lection de canap\u00e9s, navettes, pain surprises, fours frais&#8230;<\/p>\n","protected":false},"featured_media":1063,"template":"","meta":[],"product_cat":[31,30],"product_tag":[],"_links":{"self":[{"href":"https:\/\/pascalnoppe.com\/index.php\/wp-json\/wp\/v2\/product\/1033"}],"collection":[{"href":"https:\/\/pascalnoppe.com\/index.php\/wp-json\/wp\/v2\/product"}],"about":[{"href":"https:\/\/pascalnoppe.com\/index.php\/wp-json\/wp\/v2\/types\/product"}],"version-history":[{"count":0,"href":"https:\/\/pascalnoppe.com\/index.php\/wp-json\/wp\/v2\/product\/1033\/revisions"}],"wp:featuredmedia":[{"embeddable":true,"href":"https:\/\/pascalnoppe.com\/index.php\/wp-json\/wp\/v2\/media\/1063"}],"wp:attachment":[{"href":"https:\/\/pascalnoppe.com\/index.php\/wp-json\/wp\/v2\/media?parent=1033"}],"wp:term":[{"taxonomy":"product_cat","embeddable":true,"href":"https:\/\/pascalnoppe.com\/index.php\/wp-json\/wp\/v2\/product_cat?post=1033"},{"taxonomy":"product_tag","embeddable":true,"href":"https:\/\/pascalnoppe.com\/index.php\/wp-json\/wp\/v2\/product_tag?post=1033"}],"curies":[{"name":"wp","href":"https:\/\/api.w.org\/{rel}","templated":true}]}}