{"id":1032,"date":"2021-05-23T11:39:26","date_gmt":"2021-05-23T09:39:26","guid":{"rendered":"http:\/\/pascalnoppe.com\/?post_type=product&#038;p=1032"},"modified":"2021-05-23T11:39:35","modified_gmt":"2021-05-23T09:39:35","slug":"petits-fours-frais-assortis","status":"publish","type":"product","link":"https:\/\/pascalnoppe.com\/index.php\/produit\/petits-fours-frais-assortis\/","title":{"rendered":"Petits fours frais assortis"},"content":{"rendered":"<p>les petits fours frais en plateau pour vos cocktail r\u00e9ception \u00e0 la maison, facile \u00e0 presenter et \u00e0 servir.<\/p>\n","protected":false},"excerpt":{"rendered":"<p>les petits fours frais en plateau pour vos cocktail r\u00e9ception \u00e0 la maison, facile \u00e0 presenter et \u00e0 servir.<\/p>\n","protected":false},"featured_media":1062,"template":"","meta":[],"product_cat":[31,30],"product_tag":[],"_links":{"self":[{"href":"https:\/\/pascalnoppe.com\/index.php\/wp-json\/wp\/v2\/product\/1032"}],"collection":[{"href":"https:\/\/pascalnoppe.com\/index.php\/wp-json\/wp\/v2\/product"}],"about":[{"href":"https:\/\/pascalnoppe.com\/index.php\/wp-json\/wp\/v2\/types\/product"}],"version-history":[{"count":0,"href":"https:\/\/pascalnoppe.com\/index.php\/wp-json\/wp\/v2\/product\/1032\/revisions"}],"wp:featuredmedia":[{"embeddable":true,"href":"https:\/\/pascalnoppe.com\/index.php\/wp-json\/wp\/v2\/media\/1062"}],"wp:attachment":[{"href":"https:\/\/pascalnoppe.com\/index.php\/wp-json\/wp\/v2\/media?parent=1032"}],"wp:term":[{"taxonomy":"product_cat","embeddable":true,"href":"https:\/\/pascalnoppe.com\/index.php\/wp-json\/wp\/v2\/product_cat?post=1032"},{"taxonomy":"product_tag","embeddable":true,"href":"https:\/\/pascalnoppe.com\/index.php\/wp-json\/wp\/v2\/product_tag?post=1032"}],"curies":[{"name":"wp","href":"https:\/\/api.w.org\/{rel}","templated":true}]}}