{"id":1030,"date":"2021-05-23T11:39:26","date_gmt":"2021-05-23T09:39:26","guid":{"rendered":"http:\/\/pascalnoppe.com\/?post_type=product&#038;p=1030"},"modified":"2021-05-23T11:39:34","modified_gmt":"2021-05-23T09:39:34","slug":"fours-sales-selection","status":"publish","type":"product","link":"https:\/\/pascalnoppe.com\/index.php\/produit\/fours-sales-selection\/","title":{"rendered":"Fours sal\u00e9s s\u00e9lection"},"content":{"rendered":"<p>sur plateau \u00e0 rechauffer 5 minute \u00e0 180*c,&nbsp;recommand\u00e9 servir ti\u00e8de, s\u00e9lection: saucisse feuillet\u00e9, pat\u00e9 canard feuillet\u00e9, croque monsieur, allumette fromage, amandes feuillet\u00e9, cajoux feuillet\u00e9,allumette au pavot et sesame, quiches, chorizo feuillet\u00e9, croissant bacon,&#8230;<\/p>\n","protected":false},"excerpt":{"rendered":"<p>sur plateau \u00e0 rechauffer 5 minute \u00e0 180*c,&nbsp;recommand\u00e9 servir ti\u00e8de, s\u00e9lection: saucisse feuillet\u00e9, pat\u00e9 canard feuillet\u00e9, croque monsieur, allumette fromage, amandes feuillet\u00e9, cajoux feuillet\u00e9,allumette au pavot et sesame, quiches, chorizo feuillet\u00e9, croissant bacon,&#8230;<\/p>\n","protected":false},"featured_media":1060,"template":"","meta":[],"product_cat":[31,30],"product_tag":[],"_links":{"self":[{"href":"https:\/\/pascalnoppe.com\/index.php\/wp-json\/wp\/v2\/product\/1030"}],"collection":[{"href":"https:\/\/pascalnoppe.com\/index.php\/wp-json\/wp\/v2\/product"}],"about":[{"href":"https:\/\/pascalnoppe.com\/index.php\/wp-json\/wp\/v2\/types\/product"}],"version-history":[{"count":0,"href":"https:\/\/pascalnoppe.com\/index.php\/wp-json\/wp\/v2\/product\/1030\/revisions"}],"wp:featuredmedia":[{"embeddable":true,"href":"https:\/\/pascalnoppe.com\/index.php\/wp-json\/wp\/v2\/media\/1060"}],"wp:attachment":[{"href":"https:\/\/pascalnoppe.com\/index.php\/wp-json\/wp\/v2\/media?parent=1030"}],"wp:term":[{"taxonomy":"product_cat","embeddable":true,"href":"https:\/\/pascalnoppe.com\/index.php\/wp-json\/wp\/v2\/product_cat?post=1030"},{"taxonomy":"product_tag","embeddable":true,"href":"https:\/\/pascalnoppe.com\/index.php\/wp-json\/wp\/v2\/product_tag?post=1030"}],"curies":[{"name":"wp","href":"https:\/\/api.w.org\/{rel}","templated":true}]}}