{"id":1029,"date":"2021-05-23T11:39:26","date_gmt":"2021-05-23T09:39:26","guid":{"rendered":"http:\/\/pascalnoppe.com\/?post_type=product&#038;p=1029"},"modified":"2021-05-23T11:39:34","modified_gmt":"2021-05-23T09:39:34","slug":"fours-frais-en-plateau","status":"publish","type":"product","link":"https:\/\/pascalnoppe.com\/index.php\/produit\/fours-frais-en-plateau\/","title":{"rendered":"Fours frais en plateau"},"content":{"rendered":"<p>assortiments de fours frais, grand ou petit plateau, s\u00e9lection: caroline chocolat et caf\u00e9, choux kirsch, tartelette fraise et framboise, savarin, mousse chocolat noir, op\u00e9ra chocolat et pralin\u00e9, macaron royal myrtille&#8230;<\/p>\n","protected":false},"excerpt":{"rendered":"<p>assortiments de fours frais, grand ou petit plateau, s\u00e9lection: caroline chocolat et caf\u00e9, choux kirsch, tartelette fraise et framboise, savarin, mousse chocolat noir, op\u00e9ra chocolat et pralin\u00e9, macaron royal myrtille&#8230;<\/p>\n","protected":false},"featured_media":1059,"template":"","meta":[],"product_cat":[31,30],"product_tag":[],"_links":{"self":[{"href":"https:\/\/pascalnoppe.com\/index.php\/wp-json\/wp\/v2\/product\/1029"}],"collection":[{"href":"https:\/\/pascalnoppe.com\/index.php\/wp-json\/wp\/v2\/product"}],"about":[{"href":"https:\/\/pascalnoppe.com\/index.php\/wp-json\/wp\/v2\/types\/product"}],"version-history":[{"count":0,"href":"https:\/\/pascalnoppe.com\/index.php\/wp-json\/wp\/v2\/product\/1029\/revisions"}],"wp:featuredmedia":[{"embeddable":true,"href":"https:\/\/pascalnoppe.com\/index.php\/wp-json\/wp\/v2\/media\/1059"}],"wp:attachment":[{"href":"https:\/\/pascalnoppe.com\/index.php\/wp-json\/wp\/v2\/media?parent=1029"}],"wp:term":[{"taxonomy":"product_cat","embeddable":true,"href":"https:\/\/pascalnoppe.com\/index.php\/wp-json\/wp\/v2\/product_cat?post=1029"},{"taxonomy":"product_tag","embeddable":true,"href":"https:\/\/pascalnoppe.com\/index.php\/wp-json\/wp\/v2\/product_tag?post=1029"}],"curies":[{"name":"wp","href":"https:\/\/api.w.org\/{rel}","templated":true}]}}