{"id":1026,"date":"2021-05-23T11:39:26","date_gmt":"2021-05-23T09:39:26","guid":{"rendered":"http:\/\/pascalnoppe.com\/?post_type=product&#038;p=1026"},"modified":"2021-05-23T11:39:33","modified_gmt":"2021-05-23T09:39:33","slug":"inter-continental-hotel-seoul-korea","status":"publish","type":"product","link":"https:\/\/pascalnoppe.com\/index.php\/produit\/inter-continental-hotel-seoul-korea\/","title":{"rendered":"Inter-continental Hotel S\u00e9oul, Kor\u00e9a"},"content":{"rendered":"<p>Buffet pour le 50 Anniversaire inter-continental, \u00e0 l&rsquo;occasion de la venue de tous les grands directeurs de la cha\u00eene.<\/p>\n","protected":false},"excerpt":{"rendered":"<p>Buffet pour le 50 Anniversaire inter-continental, \u00e0 l&rsquo;occasion de la venue de tous les grands directeurs de la cha\u00eene.<\/p>\n","protected":false},"featured_media":1056,"template":"","meta":[],"product_cat":[31,30],"product_tag":[],"_links":{"self":[{"href":"https:\/\/pascalnoppe.com\/index.php\/wp-json\/wp\/v2\/product\/1026"}],"collection":[{"href":"https:\/\/pascalnoppe.com\/index.php\/wp-json\/wp\/v2\/product"}],"about":[{"href":"https:\/\/pascalnoppe.com\/index.php\/wp-json\/wp\/v2\/types\/product"}],"version-history":[{"count":0,"href":"https:\/\/pascalnoppe.com\/index.php\/wp-json\/wp\/v2\/product\/1026\/revisions"}],"wp:featuredmedia":[{"embeddable":true,"href":"https:\/\/pascalnoppe.com\/index.php\/wp-json\/wp\/v2\/media\/1056"}],"wp:attachment":[{"href":"https:\/\/pascalnoppe.com\/index.php\/wp-json\/wp\/v2\/media?parent=1026"}],"wp:term":[{"taxonomy":"product_cat","embeddable":true,"href":"https:\/\/pascalnoppe.com\/index.php\/wp-json\/wp\/v2\/product_cat?post=1026"},{"taxonomy":"product_tag","embeddable":true,"href":"https:\/\/pascalnoppe.com\/index.php\/wp-json\/wp\/v2\/product_tag?post=1026"}],"curies":[{"name":"wp","href":"https:\/\/api.w.org\/{rel}","templated":true}]}}