{"id":1022,"date":"2021-05-23T11:39:26","date_gmt":"2021-05-23T09:39:26","guid":{"rendered":"http:\/\/pascalnoppe.com\/?post_type=product&#038;p=1022"},"modified":"2021-05-23T11:39:31","modified_gmt":"2021-05-23T09:39:31","slug":"plateau-de-canapes-assortis","status":"publish","type":"product","link":"https:\/\/pascalnoppe.com\/index.php\/produit\/plateau-de-canapes-assortis\/","title":{"rendered":"Plateau de canap\u00e9s assortis"},"content":{"rendered":"<p>canap\u00e9s assortis par plateau de 24 pi\u00e8ces ou 54 pi\u00e8ces, saumon, oeufs, comt\u00e9, tapenade d&rsquo;olive, roquefort, jambon de parme, saucisson, &#8230;<\/p>\n","protected":false},"excerpt":{"rendered":"<p>canap\u00e9s assortis par plateau de 24 pi\u00e8ces ou 54 pi\u00e8ces, saumon, oeufs, comt\u00e9, tapenade d&rsquo;olive, roquefort, jambon de parme, saucisson, &#8230;<\/p>\n","protected":false},"featured_media":1052,"template":"","meta":[],"product_cat":[31,30],"product_tag":[],"_links":{"self":[{"href":"https:\/\/pascalnoppe.com\/index.php\/wp-json\/wp\/v2\/product\/1022"}],"collection":[{"href":"https:\/\/pascalnoppe.com\/index.php\/wp-json\/wp\/v2\/product"}],"about":[{"href":"https:\/\/pascalnoppe.com\/index.php\/wp-json\/wp\/v2\/types\/product"}],"version-history":[{"count":0,"href":"https:\/\/pascalnoppe.com\/index.php\/wp-json\/wp\/v2\/product\/1022\/revisions"}],"wp:featuredmedia":[{"embeddable":true,"href":"https:\/\/pascalnoppe.com\/index.php\/wp-json\/wp\/v2\/media\/1052"}],"wp:attachment":[{"href":"https:\/\/pascalnoppe.com\/index.php\/wp-json\/wp\/v2\/media?parent=1022"}],"wp:term":[{"taxonomy":"product_cat","embeddable":true,"href":"https:\/\/pascalnoppe.com\/index.php\/wp-json\/wp\/v2\/product_cat?post=1022"},{"taxonomy":"product_tag","embeddable":true,"href":"https:\/\/pascalnoppe.com\/index.php\/wp-json\/wp\/v2\/product_tag?post=1022"}],"curies":[{"name":"wp","href":"https:\/\/api.w.org\/{rel}","templated":true}]}}