{"id":1019,"date":"2021-05-23T11:39:25","date_gmt":"2021-05-23T09:39:25","guid":{"rendered":"http:\/\/pascalnoppe.com\/?post_type=product&#038;p=1019"},"modified":"2021-05-23T11:39:30","modified_gmt":"2021-05-23T09:39:30","slug":"julianna-mon-gateau-pour-mes-2-ans","status":"publish","type":"product","link":"https:\/\/pascalnoppe.com\/index.php\/produit\/julianna-mon-gateau-pour-mes-2-ans\/","title":{"rendered":"Julianna mon g\u00e2teau pour mes 2 ans"},"content":{"rendered":"<p>Mon g\u00e2teau d&rsquo;anniversaire pour mes 2 ans ,&nbsp;<\/p>\n<div>un beau chien dessiner \u00e0 la main, et \u00e7a se mange ,&nbsp;<\/div>\n<div>moment magique&#8230;<\/div>\n<div><\/div>\n","protected":false},"excerpt":{"rendered":"<p>Mon g\u00e2teau d&rsquo;anniversaire pour mes 2 ans ,&nbsp; un beau chien dessiner \u00e0 la main, et \u00e7a se mange ,&nbsp; moment magique&#8230;<\/p>\n","protected":false},"featured_media":1049,"template":"","meta":[],"product_cat":[17,25],"product_tag":[],"_links":{"self":[{"href":"https:\/\/pascalnoppe.com\/index.php\/wp-json\/wp\/v2\/product\/1019"}],"collection":[{"href":"https:\/\/pascalnoppe.com\/index.php\/wp-json\/wp\/v2\/product"}],"about":[{"href":"https:\/\/pascalnoppe.com\/index.php\/wp-json\/wp\/v2\/types\/product"}],"version-history":[{"count":0,"href":"https:\/\/pascalnoppe.com\/index.php\/wp-json\/wp\/v2\/product\/1019\/revisions"}],"wp:featuredmedia":[{"embeddable":true,"href":"https:\/\/pascalnoppe.com\/index.php\/wp-json\/wp\/v2\/media\/1049"}],"wp:attachment":[{"href":"https:\/\/pascalnoppe.com\/index.php\/wp-json\/wp\/v2\/media?parent=1019"}],"wp:term":[{"taxonomy":"product_cat","embeddable":true,"href":"https:\/\/pascalnoppe.com\/index.php\/wp-json\/wp\/v2\/product_cat?post=1019"},{"taxonomy":"product_tag","embeddable":true,"href":"https:\/\/pascalnoppe.com\/index.php\/wp-json\/wp\/v2\/product_tag?post=1019"}],"curies":[{"name":"wp","href":"https:\/\/api.w.org\/{rel}","templated":true}]}}