{"id":1015,"date":"2021-05-23T11:39:25","date_gmt":"2021-05-23T09:39:25","guid":{"rendered":"http:\/\/pascalnoppe.com\/?post_type=product&#038;p=1015"},"modified":"2021-05-23T11:39:28","modified_gmt":"2021-05-23T09:39:28","slug":"boite-cadeau","status":"publish","type":"product","link":"https:\/\/pascalnoppe.com\/index.php\/produit\/boite-cadeau\/","title":{"rendered":"Boite cadeau"},"content":{"rendered":"<p>Nos boites cadeaux, pour la fin d&rsquo;ann\u00e9e, un anniversaire ou tout autre occasion, faite votre boite cadeaux avec le choix de nos produits que vous d\u00e9sirez, \u00e0 votre service, <\/p>\n","protected":false},"excerpt":{"rendered":"<p>Nos boites cadeaux, pour la fin d&rsquo;ann\u00e9e, un anniversaire ou tout autre occasion, faite votre boite cadeaux avec le choix de nos produits que vous d\u00e9sirez, \u00e0 votre service,<\/p>\n","protected":false},"featured_media":1045,"template":"","meta":[],"product_cat":[17,25],"product_tag":[],"_links":{"self":[{"href":"https:\/\/pascalnoppe.com\/index.php\/wp-json\/wp\/v2\/product\/1015"}],"collection":[{"href":"https:\/\/pascalnoppe.com\/index.php\/wp-json\/wp\/v2\/product"}],"about":[{"href":"https:\/\/pascalnoppe.com\/index.php\/wp-json\/wp\/v2\/types\/product"}],"version-history":[{"count":0,"href":"https:\/\/pascalnoppe.com\/index.php\/wp-json\/wp\/v2\/product\/1015\/revisions"}],"wp:featuredmedia":[{"embeddable":true,"href":"https:\/\/pascalnoppe.com\/index.php\/wp-json\/wp\/v2\/media\/1045"}],"wp:attachment":[{"href":"https:\/\/pascalnoppe.com\/index.php\/wp-json\/wp\/v2\/media?parent=1015"}],"wp:term":[{"taxonomy":"product_cat","embeddable":true,"href":"https:\/\/pascalnoppe.com\/index.php\/wp-json\/wp\/v2\/product_cat?post=1015"},{"taxonomy":"product_tag","embeddable":true,"href":"https:\/\/pascalnoppe.com\/index.php\/wp-json\/wp\/v2\/product_tag?post=1015"}],"curies":[{"name":"wp","href":"https:\/\/api.w.org\/{rel}","templated":true}]}}