{"id":1592,"date":"2021-05-24T14:16:08","date_gmt":"2021-05-24T12:16:08","guid":{"rendered":"https:\/\/pascalnoppe.com\/?page_id=1592"},"modified":"2021-05-24T14:16:52","modified_gmt":"2021-05-24T12:16:52","slug":"le-cafe-pascal","status":"publish","type":"page","link":"https:\/\/pascalnoppe.com\/index.php\/le-cafe-pascal\/","title":{"rendered":"Le caf\u00e9 Pascal"},"content":{"rendered":"\t\t<div data-elementor-type=\"wp-page\" data-elementor-id=\"1592\" class=\"elementor elementor-1592\" data-elementor-post-type=\"page\">\n\t\t\t\t\t\t<section class=\"elementor-section elementor-top-section elementor-element elementor-element-71706b9 elementor-section-boxed elementor-section-height-default elementor-section-height-default\" data-id=\"71706b9\" data-element_type=\"section\">\n\t\t\t\t\t\t<div class=\"elementor-container elementor-column-gap-default\">\n\t\t\t\t\t<div class=\"elementor-column elementor-col-100 elementor-top-column elementor-element elementor-element-2042792\" data-id=\"2042792\" data-element_type=\"column\">\n\t\t\t<div class=\"elementor-widget-wrap elementor-element-populated\">\n\t\t\t\t\t\t<div class=\"elementor-element elementor-element-bef9614 elementor-widget elementor-widget-woocommerce-breadcrumb\" data-id=\"bef9614\" data-element_type=\"widget\" data-widget_type=\"woocommerce-breadcrumb.default\">\n\t\t\t\t<div class=\"elementor-widget-container\">\n\t\t\t\t\t<nav class=\"woocommerce-breadcrumb\" aria-label=\"Breadcrumb\">Accueil<\/nav>\t\t\t\t<\/div>\n\t\t\t\t<\/div>\n\t\t\t\t<div class=\"elementor-element elementor-element-564a280 elementor-grid-4 elementor-grid-tablet-3 elementor-grid-mobile-2 elementor-products-grid elementor-wc-products elementor-show-pagination-border-yes elementor-widget elementor-widget-woocommerce-products\" data-id=\"564a280\" data-element_type=\"widget\" data-widget_type=\"woocommerce-products.default\">\n\t\t\t\t<div class=\"elementor-widget-container\">\n\t\t\t\t\t<div class=\"woocommerce columns-4 \"><div class=\"woocommerce-notices-wrapper\"><\/div><ul class=\"products elementor-grid columns-4\">\n<li class=\"product type-product post-1320 status-publish first instock product_cat-cote-sucre product_cat-le-cafe-pascal has-post-thumbnail shipping-taxable product-type-simple\">\n\t<a href=\"https:\/\/pascalnoppe.com\/index.php\/produit\/caesar-salade\/\" class=\"woocommerce-LoopProduct-link woocommerce-loop-product__link\"><img fetchpriority=\"high\" decoding=\"async\" width=\"300\" height=\"300\" src=\"https:\/\/pascalnoppe.com\/wp-content\/uploads\/2021\/05\/91-2-300x300.jpg\" class=\"attachment-woocommerce_thumbnail size-woocommerce_thumbnail\" alt=\"\" srcset=\"https:\/\/pascalnoppe.com\/wp-content\/uploads\/2021\/05\/91-2-300x300.jpg 300w, https:\/\/pascalnoppe.com\/wp-content\/uploads\/2021\/05\/91-2-150x150.jpg 150w, https:\/\/pascalnoppe.com\/wp-content\/uploads\/2021\/05\/91-2-100x100.jpg 100w, https:\/\/pascalnoppe.com\/wp-content\/uploads\/2021\/05\/91-2.jpg 400w\" sizes=\"(max-width: 300px) 100vw, 300px\" \/><h2 class=\"woocommerce-loop-product__title\">Caesar salade<\/h2>\n<\/a><\/li>\n<li class=\"product type-product post-1323 status-publish instock product_cat-cote-sucre product_cat-le-cafe-pascal has-post-thumbnail shipping-taxable product-type-simple\">\n\t<a href=\"https:\/\/pascalnoppe.com\/index.php\/produit\/cafe-et-croissants\/\" class=\"woocommerce-LoopProduct-link woocommerce-loop-product__link\"><img decoding=\"async\" width=\"300\" height=\"300\" src=\"https:\/\/pascalnoppe.com\/wp-content\/uploads\/2021\/05\/94-1-300x300.jpg\" class=\"attachment-woocommerce_thumbnail size-woocommerce_thumbnail\" alt=\"\" srcset=\"https:\/\/pascalnoppe.com\/wp-content\/uploads\/2021\/05\/94-1-300x300.jpg 300w, https:\/\/pascalnoppe.com\/wp-content\/uploads\/2021\/05\/94-1-150x150.jpg 150w, https:\/\/pascalnoppe.com\/wp-content\/uploads\/2021\/05\/94-1-100x100.jpg 100w, https:\/\/pascalnoppe.com\/wp-content\/uploads\/2021\/05\/94-1.jpg 400w\" sizes=\"(max-width: 300px) 100vw, 300px\" \/><h2 class=\"woocommerce-loop-product__title\">Caf\u00e9 et croissants&#8230;<\/h2>\n<\/a><\/li>\n<li class=\"product type-product post-1326 status-publish instock product_cat-cote-sucre product_cat-le-cafe-pascal has-post-thumbnail shipping-taxable product-type-simple\">\n\t<a href=\"https:\/\/pascalnoppe.com\/index.php\/produit\/klcc-magasin-a-kuala-lumpur\/\" class=\"woocommerce-LoopProduct-link woocommerce-loop-product__link\"><img decoding=\"async\" width=\"300\" height=\"300\" src=\"https:\/\/pascalnoppe.com\/wp-content\/uploads\/2021\/05\/103-2-300x300.jpg\" class=\"attachment-woocommerce_thumbnail size-woocommerce_thumbnail\" alt=\"\" srcset=\"https:\/\/pascalnoppe.com\/wp-content\/uploads\/2021\/05\/103-2-300x300.jpg 300w, https:\/\/pascalnoppe.com\/wp-content\/uploads\/2021\/05\/103-2-150x150.jpg 150w, https:\/\/pascalnoppe.com\/wp-content\/uploads\/2021\/05\/103-2-100x100.jpg 100w, https:\/\/pascalnoppe.com\/wp-content\/uploads\/2021\/05\/103-2.jpg 400w\" sizes=\"(max-width: 300px) 100vw, 300px\" \/><h2 class=\"woocommerce-loop-product__title\">KLCC magasin \u00e0 kuala lumpur<\/h2>\n<\/a><\/li>\n<li class=\"product type-product post-1324 status-publish last instock product_cat-cote-sucre product_cat-le-cafe-pascal has-post-thumbnail shipping-taxable product-type-simple\">\n\t<a href=\"https:\/\/pascalnoppe.com\/index.php\/produit\/le-club-sandwich\/\" class=\"woocommerce-LoopProduct-link woocommerce-loop-product__link\"><img loading=\"lazy\" decoding=\"async\" width=\"300\" height=\"300\" src=\"https:\/\/pascalnoppe.com\/wp-content\/uploads\/2021\/05\/95-1-300x300.jpg\" class=\"attachment-woocommerce_thumbnail size-woocommerce_thumbnail\" alt=\"\" srcset=\"https:\/\/pascalnoppe.com\/wp-content\/uploads\/2021\/05\/95-1-300x300.jpg 300w, https:\/\/pascalnoppe.com\/wp-content\/uploads\/2021\/05\/95-1-150x150.jpg 150w, https:\/\/pascalnoppe.com\/wp-content\/uploads\/2021\/05\/95-1-100x100.jpg 100w, https:\/\/pascalnoppe.com\/wp-content\/uploads\/2021\/05\/95-1.jpg 400w\" sizes=\"(max-width: 300px) 100vw, 300px\" \/><h2 class=\"woocommerce-loop-product__title\">Le club sandwich<\/h2>\n<\/a><\/li>\n<li class=\"product type-product post-1327 status-publish first instock product_cat-cote-sucre product_cat-le-cafe-pascal has-post-thumbnail shipping-taxable product-type-simple\">\n\t<a href=\"https:\/\/pascalnoppe.com\/index.php\/produit\/le-salon-de-the-a-dubai\/\" class=\"woocommerce-LoopProduct-link woocommerce-loop-product__link\"><img loading=\"lazy\" decoding=\"async\" width=\"300\" height=\"300\" src=\"https:\/\/pascalnoppe.com\/wp-content\/uploads\/2021\/05\/104-2-300x300.jpg\" class=\"attachment-woocommerce_thumbnail size-woocommerce_thumbnail\" alt=\"\" srcset=\"https:\/\/pascalnoppe.com\/wp-content\/uploads\/2021\/05\/104-2-300x300.jpg 300w, https:\/\/pascalnoppe.com\/wp-content\/uploads\/2021\/05\/104-2-150x150.jpg 150w, https:\/\/pascalnoppe.com\/wp-content\/uploads\/2021\/05\/104-2-100x100.jpg 100w, https:\/\/pascalnoppe.com\/wp-content\/uploads\/2021\/05\/104-2.jpg 400w\" sizes=\"(max-width: 300px) 100vw, 300px\" \/><h2 class=\"woocommerce-loop-product__title\">Le salon de th\u00e9 \u00e0 Duba\u00ef<\/h2>\n<\/a><\/li>\n<li class=\"product type-product post-1331 status-publish instock product_cat-cote-sucre product_cat-le-cafe-pascal has-post-thumbnail shipping-taxable product-type-simple\">\n\t<a href=\"https:\/\/pascalnoppe.com\/index.php\/produit\/les-macarons-3\/\" class=\"woocommerce-LoopProduct-link woocommerce-loop-product__link\"><img loading=\"lazy\" decoding=\"async\" width=\"300\" height=\"300\" src=\"https:\/\/pascalnoppe.com\/wp-content\/uploads\/2021\/05\/411-1-300x300.jpg\" class=\"attachment-woocommerce_thumbnail size-woocommerce_thumbnail\" alt=\"\" srcset=\"https:\/\/pascalnoppe.com\/wp-content\/uploads\/2021\/05\/411-1-300x300.jpg 300w, https:\/\/pascalnoppe.com\/wp-content\/uploads\/2021\/05\/411-1-150x150.jpg 150w, https:\/\/pascalnoppe.com\/wp-content\/uploads\/2021\/05\/411-1-100x100.jpg 100w, https:\/\/pascalnoppe.com\/wp-content\/uploads\/2021\/05\/411-1.jpg 400w\" sizes=\"(max-width: 300px) 100vw, 300px\" \/><h2 class=\"woocommerce-loop-product__title\">Les Macarons<\/h2>\n<\/a><\/li>\n<li class=\"product type-product post-1330 status-publish instock product_cat-cote-sucre product_cat-le-cafe-pascal has-post-thumbnail shipping-taxable product-type-simple\">\n\t<a href=\"https:\/\/pascalnoppe.com\/index.php\/produit\/pause-cafe\/\" class=\"woocommerce-LoopProduct-link woocommerce-loop-product__link\"><img loading=\"lazy\" decoding=\"async\" width=\"300\" height=\"300\" src=\"https:\/\/pascalnoppe.com\/wp-content\/uploads\/2021\/05\/305-1-300x300.jpg\" class=\"attachment-woocommerce_thumbnail size-woocommerce_thumbnail\" alt=\"\" srcset=\"https:\/\/pascalnoppe.com\/wp-content\/uploads\/2021\/05\/305-1-300x300.jpg 300w, https:\/\/pascalnoppe.com\/wp-content\/uploads\/2021\/05\/305-1-150x150.jpg 150w, https:\/\/pascalnoppe.com\/wp-content\/uploads\/2021\/05\/305-1-100x100.jpg 100w, https:\/\/pascalnoppe.com\/wp-content\/uploads\/2021\/05\/305-1.jpg 400w\" sizes=\"(max-width: 300px) 100vw, 300px\" \/><h2 class=\"woocommerce-loop-product__title\">Pause caf\u00e9<\/h2>\n<\/a><\/li>\n<li class=\"product type-product post-1321 status-publish last instock product_cat-cote-sucre product_cat-le-cafe-pascal has-post-thumbnail shipping-taxable product-type-simple\">\n\t<a href=\"https:\/\/pascalnoppe.com\/index.php\/produit\/provencale-sandwiche\/\" class=\"woocommerce-LoopProduct-link woocommerce-loop-product__link\"><img loading=\"lazy\" decoding=\"async\" width=\"300\" height=\"300\" src=\"https:\/\/pascalnoppe.com\/wp-content\/uploads\/2021\/05\/92-2-300x300.jpg\" class=\"attachment-woocommerce_thumbnail size-woocommerce_thumbnail\" alt=\"\" srcset=\"https:\/\/pascalnoppe.com\/wp-content\/uploads\/2021\/05\/92-2-300x300.jpg 300w, https:\/\/pascalnoppe.com\/wp-content\/uploads\/2021\/05\/92-2-150x150.jpg 150w, https:\/\/pascalnoppe.com\/wp-content\/uploads\/2021\/05\/92-2-100x100.jpg 100w, https:\/\/pascalnoppe.com\/wp-content\/uploads\/2021\/05\/92-2.jpg 400w\" sizes=\"(max-width: 300px) 100vw, 300px\" \/><h2 class=\"woocommerce-loop-product__title\">Proven\u00e7ale sandwiche<\/h2>\n<\/a><\/li>\n<li class=\"product type-product post-1322 status-publish first instock product_cat-cote-sucre product_cat-le-cafe-pascal has-post-thumbnail shipping-taxable product-type-simple\">\n\t<a href=\"https:\/\/pascalnoppe.com\/index.php\/produit\/roquefort-salade\/\" class=\"woocommerce-LoopProduct-link woocommerce-loop-product__link\"><img loading=\"lazy\" decoding=\"async\" width=\"300\" height=\"300\" src=\"https:\/\/pascalnoppe.com\/wp-content\/uploads\/2021\/05\/93-1-300x300.jpg\" class=\"attachment-woocommerce_thumbnail size-woocommerce_thumbnail\" alt=\"\" srcset=\"https:\/\/pascalnoppe.com\/wp-content\/uploads\/2021\/05\/93-1-300x300.jpg 300w, https:\/\/pascalnoppe.com\/wp-content\/uploads\/2021\/05\/93-1-150x150.jpg 150w, https:\/\/pascalnoppe.com\/wp-content\/uploads\/2021\/05\/93-1-100x100.jpg 100w, https:\/\/pascalnoppe.com\/wp-content\/uploads\/2021\/05\/93-1.jpg 400w\" sizes=\"(max-width: 300px) 100vw, 300px\" \/><h2 class=\"woocommerce-loop-product__title\">Roquefort salade<\/h2>\n<\/a><\/li>\n<li class=\"product type-product post-1328 status-publish instock product_cat-cote-sucre product_cat-le-cafe-pascal has-post-thumbnail shipping-taxable product-type-simple\">\n\t<a href=\"https:\/\/pascalnoppe.com\/index.php\/produit\/strudels-lucky-garden\/\" class=\"woocommerce-LoopProduct-link woocommerce-loop-product__link\"><img loading=\"lazy\" decoding=\"async\" width=\"300\" height=\"300\" src=\"https:\/\/pascalnoppe.com\/wp-content\/uploads\/2021\/05\/171-1-300x300.jpg\" class=\"attachment-woocommerce_thumbnail size-woocommerce_thumbnail\" alt=\"\" srcset=\"https:\/\/pascalnoppe.com\/wp-content\/uploads\/2021\/05\/171-1-300x300.jpg 300w, https:\/\/pascalnoppe.com\/wp-content\/uploads\/2021\/05\/171-1-150x150.jpg 150w, https:\/\/pascalnoppe.com\/wp-content\/uploads\/2021\/05\/171-1-100x100.jpg 100w, https:\/\/pascalnoppe.com\/wp-content\/uploads\/2021\/05\/171-1.jpg 400w\" sizes=\"(max-width: 300px) 100vw, 300px\" \/><h2 class=\"woocommerce-loop-product__title\">Strudels, Lucky garden<\/h2>\n<\/a><\/li>\n<li class=\"product type-product post-1329 status-publish instock product_cat-cote-sucre product_cat-le-cafe-pascal has-post-thumbnail shipping-taxable product-type-simple\">\n\t<a href=\"https:\/\/pascalnoppe.com\/index.php\/produit\/tiramisu-presente-pour-le-salon-de-the\/\" class=\"woocommerce-LoopProduct-link woocommerce-loop-product__link\"><img loading=\"lazy\" decoding=\"async\" width=\"300\" height=\"300\" src=\"https:\/\/pascalnoppe.com\/wp-content\/uploads\/2021\/05\/202-1-300x300.jpg\" class=\"attachment-woocommerce_thumbnail size-woocommerce_thumbnail\" alt=\"\" srcset=\"https:\/\/pascalnoppe.com\/wp-content\/uploads\/2021\/05\/202-1-300x300.jpg 300w, https:\/\/pascalnoppe.com\/wp-content\/uploads\/2021\/05\/202-1-150x150.jpg 150w, https:\/\/pascalnoppe.com\/wp-content\/uploads\/2021\/05\/202-1-100x100.jpg 100w, https:\/\/pascalnoppe.com\/wp-content\/uploads\/2021\/05\/202-1.jpg 400w\" sizes=\"(max-width: 300px) 100vw, 300px\" \/><h2 class=\"woocommerce-loop-product__title\">tiramisu present\u00e9 pour le salon de th\u00e9<\/h2>\n<\/a><\/li>\n<\/ul>\n<\/div>\t\t\t\t<\/div>\n\t\t\t\t<\/div>\n\t\t\t\t\t<\/div>\n\t\t<\/div>\n\t\t\t\t\t<\/div>\n\t\t<\/section>\n\t\t\t\t<\/div>\n\t\t","protected":false},"excerpt":{"rendered":"","protected":false},"author":1,"featured_media":0,"parent":0,"menu_order":0,"comment_status":"closed","ping_status":"closed","template":"","meta":{"footnotes":""},"_links":{"self":[{"href":"https:\/\/pascalnoppe.com\/index.php\/wp-json\/wp\/v2\/pages\/1592"}],"collection":[{"href":"https:\/\/pascalnoppe.com\/index.php\/wp-json\/wp\/v2\/pages"}],"about":[{"href":"https:\/\/pascalnoppe.com\/index.php\/wp-json\/wp\/v2\/types\/page"}],"author":[{"embeddable":true,"href":"https:\/\/pascalnoppe.com\/index.php\/wp-json\/wp\/v2\/users\/1"}],"replies":[{"embeddable":true,"href":"https:\/\/pascalnoppe.com\/index.php\/wp-json\/wp\/v2\/comments?post=1592"}],"version-history":[{"count":4,"href":"https:\/\/pascalnoppe.com\/index.php\/wp-json\/wp\/v2\/pages\/1592\/revisions"}],"predecessor-version":[{"id":1596,"href":"https:\/\/pascalnoppe.com\/index.php\/wp-json\/wp\/v2\/pages\/1592\/revisions\/1596"}],"wp:attachment":[{"href":"https:\/\/pascalnoppe.com\/index.php\/wp-json\/wp\/v2\/media?parent=1592"}],"curies":[{"name":"wp","href":"https:\/\/api.w.org\/{rel}","templated":true}]}}