{"id":1582,"date":"2021-05-24T14:13:27","date_gmt":"2021-05-24T12:13:27","guid":{"rendered":"https:\/\/pascalnoppe.com\/?page_id=1582"},"modified":"2021-05-24T14:14:10","modified_gmt":"2021-05-24T12:14:10","slug":"lartistique","status":"publish","type":"page","link":"https:\/\/pascalnoppe.com\/index.php\/lartistique\/","title":{"rendered":"L&rsquo;artistique"},"content":{"rendered":"\t\t<div data-elementor-type=\"wp-page\" data-elementor-id=\"1582\" class=\"elementor elementor-1582\" data-elementor-post-type=\"page\">\n\t\t\t\t\t\t<section class=\"elementor-section elementor-top-section elementor-element elementor-element-829b240 elementor-section-boxed elementor-section-height-default elementor-section-height-default\" data-id=\"829b240\" data-element_type=\"section\">\n\t\t\t\t\t\t<div class=\"elementor-container elementor-column-gap-default\">\n\t\t\t\t\t<div class=\"elementor-column elementor-col-100 elementor-top-column elementor-element elementor-element-dc68ba5\" data-id=\"dc68ba5\" data-element_type=\"column\">\n\t\t\t<div class=\"elementor-widget-wrap elementor-element-populated\">\n\t\t\t\t\t\t<div class=\"elementor-element elementor-element-f6cc17e elementor-widget elementor-widget-woocommerce-breadcrumb\" data-id=\"f6cc17e\" data-element_type=\"widget\" data-widget_type=\"woocommerce-breadcrumb.default\">\n\t\t\t\t<div class=\"elementor-widget-container\">\n\t\t\t\t\t<nav class=\"woocommerce-breadcrumb\" aria-label=\"Breadcrumb\">Accueil<\/nav>\t\t\t\t<\/div>\n\t\t\t\t<\/div>\n\t\t\t\t<div class=\"elementor-element elementor-element-fba9454 elementor-grid-4 elementor-grid-tablet-3 elementor-grid-mobile-2 elementor-products-grid elementor-wc-products elementor-show-pagination-border-yes elementor-widget elementor-widget-woocommerce-products\" data-id=\"fba9454\" data-element_type=\"widget\" data-widget_type=\"woocommerce-products.default\">\n\t\t\t\t<div class=\"elementor-widget-container\">\n\t\t\t\t\t<div class=\"woocommerce columns-4 \"><div class=\"woocommerce-notices-wrapper\"><\/div><ul class=\"products elementor-grid columns-4\">\n<li class=\"product type-product post-1256 status-publish first instock product_cat-cote-sucre product_cat-lartistique has-post-thumbnail shipping-taxable product-type-simple\">\n\t<a href=\"https:\/\/pascalnoppe.com\/index.php\/produit\/angry-bird\/\" class=\"woocommerce-LoopProduct-link woocommerce-loop-product__link\"><img fetchpriority=\"high\" decoding=\"async\" width=\"300\" height=\"300\" src=\"https:\/\/pascalnoppe.com\/wp-content\/uploads\/2021\/05\/363-1-300x300.jpg\" class=\"attachment-woocommerce_thumbnail size-woocommerce_thumbnail\" alt=\"\" srcset=\"https:\/\/pascalnoppe.com\/wp-content\/uploads\/2021\/05\/363-1-300x300.jpg 300w, https:\/\/pascalnoppe.com\/wp-content\/uploads\/2021\/05\/363-1-150x150.jpg 150w, https:\/\/pascalnoppe.com\/wp-content\/uploads\/2021\/05\/363-1-100x100.jpg 100w, https:\/\/pascalnoppe.com\/wp-content\/uploads\/2021\/05\/363-1.jpg 400w\" sizes=\"(max-width: 300px) 100vw, 300px\" \/><h2 class=\"woocommerce-loop-product__title\">Angry bird<\/h2>\n<\/a><\/li>\n<li class=\"product type-product post-1206 status-publish instock product_cat-cote-sucre product_cat-lartistique has-post-thumbnail shipping-taxable product-type-simple\">\n\t<a href=\"https:\/\/pascalnoppe.com\/index.php\/produit\/anniversaire-1-an\/\" class=\"woocommerce-LoopProduct-link woocommerce-loop-product__link\"><img decoding=\"async\" width=\"300\" height=\"300\" src=\"https:\/\/pascalnoppe.com\/wp-content\/uploads\/2021\/05\/190-1-300x300.jpg\" class=\"attachment-woocommerce_thumbnail size-woocommerce_thumbnail\" alt=\"\" srcset=\"https:\/\/pascalnoppe.com\/wp-content\/uploads\/2021\/05\/190-1-300x300.jpg 300w, https:\/\/pascalnoppe.com\/wp-content\/uploads\/2021\/05\/190-1-150x150.jpg 150w, https:\/\/pascalnoppe.com\/wp-content\/uploads\/2021\/05\/190-1-100x100.jpg 100w, https:\/\/pascalnoppe.com\/wp-content\/uploads\/2021\/05\/190-1.jpg 400w\" sizes=\"(max-width: 300px) 100vw, 300px\" \/><h2 class=\"woocommerce-loop-product__title\">Anniversaire 1 an<\/h2>\n<\/a><\/li>\n<li class=\"product type-product post-1148 status-publish instock product_cat-cote-sucre product_cat-lartistique has-post-thumbnail shipping-taxable product-type-simple\">\n\t<a href=\"https:\/\/pascalnoppe.com\/index.php\/produit\/arbre-de-fraises\/\" class=\"woocommerce-LoopProduct-link woocommerce-loop-product__link\"><img decoding=\"async\" width=\"300\" height=\"300\" src=\"https:\/\/pascalnoppe.com\/wp-content\/uploads\/2021\/05\/109-1-300x300.jpg\" class=\"attachment-woocommerce_thumbnail size-woocommerce_thumbnail\" alt=\"\" srcset=\"https:\/\/pascalnoppe.com\/wp-content\/uploads\/2021\/05\/109-1-300x300.jpg 300w, https:\/\/pascalnoppe.com\/wp-content\/uploads\/2021\/05\/109-1-150x150.jpg 150w, https:\/\/pascalnoppe.com\/wp-content\/uploads\/2021\/05\/109-1-100x100.jpg 100w, https:\/\/pascalnoppe.com\/wp-content\/uploads\/2021\/05\/109-1.jpg 400w\" sizes=\"(max-width: 300px) 100vw, 300px\" \/><h2 class=\"woocommerce-loop-product__title\">Arbre de fraises<\/h2>\n<\/a><\/li>\n<li class=\"product type-product post-2147 status-publish last instock product_cat-lartistique has-post-thumbnail shipping-taxable product-type-simple\">\n\t<a href=\"https:\/\/pascalnoppe.com\/index.php\/produit\/barbie\/\" class=\"woocommerce-LoopProduct-link woocommerce-loop-product__link\"><img loading=\"lazy\" decoding=\"async\" width=\"300\" height=\"300\" src=\"https:\/\/pascalnoppe.com\/wp-content\/uploads\/2021\/10\/IMG_1086-300x300.jpg\" class=\"attachment-woocommerce_thumbnail size-woocommerce_thumbnail\" alt=\"\" srcset=\"https:\/\/pascalnoppe.com\/wp-content\/uploads\/2021\/10\/IMG_1086-300x300.jpg 300w, https:\/\/pascalnoppe.com\/wp-content\/uploads\/2021\/10\/IMG_1086-150x150.jpg 150w, https:\/\/pascalnoppe.com\/wp-content\/uploads\/2021\/10\/IMG_1086-100x100.jpg 100w\" sizes=\"(max-width: 300px) 100vw, 300px\" \/><h2 class=\"woocommerce-loop-product__title\">Barbie<\/h2>\n<\/a><\/li>\n<li class=\"product type-product post-1207 status-publish first instock product_cat-cote-sucre product_cat-lartistique has-post-thumbnail shipping-taxable product-type-simple\">\n\t<a href=\"https:\/\/pascalnoppe.com\/index.php\/produit\/bebe-photo\/\" class=\"woocommerce-LoopProduct-link woocommerce-loop-product__link\"><img loading=\"lazy\" decoding=\"async\" width=\"300\" height=\"300\" src=\"https:\/\/pascalnoppe.com\/wp-content\/uploads\/2021\/05\/191-1-300x300.jpg\" class=\"attachment-woocommerce_thumbnail size-woocommerce_thumbnail\" alt=\"\" srcset=\"https:\/\/pascalnoppe.com\/wp-content\/uploads\/2021\/05\/191-1-300x300.jpg 300w, https:\/\/pascalnoppe.com\/wp-content\/uploads\/2021\/05\/191-1-150x150.jpg 150w, https:\/\/pascalnoppe.com\/wp-content\/uploads\/2021\/05\/191-1-100x100.jpg 100w, https:\/\/pascalnoppe.com\/wp-content\/uploads\/2021\/05\/191-1.jpg 400w\" sizes=\"(max-width: 300px) 100vw, 300px\" \/><h2 class=\"woocommerce-loop-product__title\">B\u00e9b\u00e9 photo<\/h2>\n<\/a><\/li>\n<li class=\"product type-product post-1150 status-publish instock product_cat-cote-sucre product_cat-lartistique has-post-thumbnail shipping-taxable product-type-simple\">\n\t<a href=\"https:\/\/pascalnoppe.com\/index.php\/produit\/buffet-pour-chanel-dubai\/\" class=\"woocommerce-LoopProduct-link woocommerce-loop-product__link\"><img loading=\"lazy\" decoding=\"async\" width=\"300\" height=\"300\" src=\"https:\/\/pascalnoppe.com\/wp-content\/uploads\/2021\/05\/111-2-300x300.jpg\" class=\"attachment-woocommerce_thumbnail size-woocommerce_thumbnail\" alt=\"\" srcset=\"https:\/\/pascalnoppe.com\/wp-content\/uploads\/2021\/05\/111-2-300x300.jpg 300w, https:\/\/pascalnoppe.com\/wp-content\/uploads\/2021\/05\/111-2-150x150.jpg 150w, https:\/\/pascalnoppe.com\/wp-content\/uploads\/2021\/05\/111-2-100x100.jpg 100w, https:\/\/pascalnoppe.com\/wp-content\/uploads\/2021\/05\/111-2.jpg 400w\" sizes=\"(max-width: 300px) 100vw, 300px\" \/><h2 class=\"woocommerce-loop-product__title\">Buffet pour Chanel Duba\u00ef<\/h2>\n<\/a><\/li>\n<li class=\"product type-product post-1140 status-publish instock product_cat-cote-sucre product_cat-lartistique has-post-thumbnail shipping-taxable product-type-simple\">\n\t<a href=\"https:\/\/pascalnoppe.com\/index.php\/produit\/cascadine\/\" class=\"woocommerce-LoopProduct-link woocommerce-loop-product__link\"><img loading=\"lazy\" decoding=\"async\" width=\"300\" height=\"300\" src=\"https:\/\/pascalnoppe.com\/wp-content\/uploads\/2021\/05\/19-1-300x300.jpg\" class=\"attachment-woocommerce_thumbnail size-woocommerce_thumbnail\" alt=\"\" srcset=\"https:\/\/pascalnoppe.com\/wp-content\/uploads\/2021\/05\/19-1-300x300.jpg 300w, https:\/\/pascalnoppe.com\/wp-content\/uploads\/2021\/05\/19-1-150x150.jpg 150w, https:\/\/pascalnoppe.com\/wp-content\/uploads\/2021\/05\/19-1-100x100.jpg 100w, https:\/\/pascalnoppe.com\/wp-content\/uploads\/2021\/05\/19-1.jpg 400w\" sizes=\"(max-width: 300px) 100vw, 300px\" \/><h2 class=\"woocommerce-loop-product__title\">Cascadine<\/h2>\n<\/a><\/li>\n<li class=\"product type-product post-1159 status-publish last instock product_cat-cote-sucre product_cat-lartistique has-post-thumbnail shipping-taxable product-type-simple\">\n\t<a href=\"https:\/\/pascalnoppe.com\/index.php\/produit\/cascadine-pour-un-anniversaire\/\" class=\"woocommerce-LoopProduct-link woocommerce-loop-product__link\"><img loading=\"lazy\" decoding=\"async\" width=\"300\" height=\"300\" src=\"https:\/\/pascalnoppe.com\/wp-content\/uploads\/2021\/05\/148-1-300x300.jpg\" class=\"attachment-woocommerce_thumbnail size-woocommerce_thumbnail\" alt=\"\" srcset=\"https:\/\/pascalnoppe.com\/wp-content\/uploads\/2021\/05\/148-1-300x300.jpg 300w, https:\/\/pascalnoppe.com\/wp-content\/uploads\/2021\/05\/148-1-150x150.jpg 150w, https:\/\/pascalnoppe.com\/wp-content\/uploads\/2021\/05\/148-1-100x100.jpg 100w, https:\/\/pascalnoppe.com\/wp-content\/uploads\/2021\/05\/148-1.jpg 400w\" sizes=\"(max-width: 300px) 100vw, 300px\" \/><h2 class=\"woocommerce-loop-product__title\">Cascadine pour un Anniversaire<\/h2>\n<\/a><\/li>\n<li class=\"product type-product post-1158 status-publish first instock product_cat-cote-sucre product_cat-lartistique has-post-thumbnail shipping-taxable product-type-simple\">\n\t<a href=\"https:\/\/pascalnoppe.com\/index.php\/produit\/celebration-pour-bapteme-aux-emirats\/\" class=\"woocommerce-LoopProduct-link woocommerce-loop-product__link\"><img loading=\"lazy\" decoding=\"async\" width=\"300\" height=\"300\" src=\"https:\/\/pascalnoppe.com\/wp-content\/uploads\/2021\/05\/144-1-300x300.jpg\" class=\"attachment-woocommerce_thumbnail size-woocommerce_thumbnail\" alt=\"\" srcset=\"https:\/\/pascalnoppe.com\/wp-content\/uploads\/2021\/05\/144-1-300x300.jpg 300w, https:\/\/pascalnoppe.com\/wp-content\/uploads\/2021\/05\/144-1-150x150.jpg 150w, https:\/\/pascalnoppe.com\/wp-content\/uploads\/2021\/05\/144-1-100x100.jpg 100w, https:\/\/pascalnoppe.com\/wp-content\/uploads\/2021\/05\/144-1.jpg 400w\" sizes=\"(max-width: 300px) 100vw, 300px\" \/><h2 class=\"woocommerce-loop-product__title\">C\u00e9l\u00e9bration pour B\u00e2pt\u00e8me aux Emirats<\/h2>\n<\/a><\/li>\n<li class=\"product type-product post-1223 status-publish instock product_cat-cote-sucre product_cat-lartistique has-post-thumbnail shipping-taxable product-type-simple\">\n\t<a href=\"https:\/\/pascalnoppe.com\/index.php\/produit\/cube-de-choux-et-nougatine\/\" class=\"woocommerce-LoopProduct-link woocommerce-loop-product__link\"><img loading=\"lazy\" decoding=\"async\" width=\"300\" height=\"300\" src=\"https:\/\/pascalnoppe.com\/wp-content\/uploads\/2021\/05\/348-1-300x300.jpg\" class=\"attachment-woocommerce_thumbnail size-woocommerce_thumbnail\" alt=\"\" srcset=\"https:\/\/pascalnoppe.com\/wp-content\/uploads\/2021\/05\/348-1-300x300.jpg 300w, https:\/\/pascalnoppe.com\/wp-content\/uploads\/2021\/05\/348-1-150x150.jpg 150w, https:\/\/pascalnoppe.com\/wp-content\/uploads\/2021\/05\/348-1-100x100.jpg 100w, https:\/\/pascalnoppe.com\/wp-content\/uploads\/2021\/05\/348-1.jpg 400w\" sizes=\"(max-width: 300px) 100vw, 300px\" \/><h2 class=\"woocommerce-loop-product__title\">Cube de choux et nougatine<\/h2>\n<\/a><\/li>\n<li class=\"product type-product post-1141 status-publish instock product_cat-cote-sucre product_cat-lartistique has-post-thumbnail shipping-taxable product-type-simple\">\n\t<a href=\"https:\/\/pascalnoppe.com\/index.php\/produit\/dessin-realiser-a-la-main\/\" class=\"woocommerce-LoopProduct-link woocommerce-loop-product__link\"><img loading=\"lazy\" decoding=\"async\" width=\"300\" height=\"300\" src=\"https:\/\/pascalnoppe.com\/wp-content\/uploads\/2021\/05\/74-2-300x300.jpg\" class=\"attachment-woocommerce_thumbnail size-woocommerce_thumbnail\" alt=\"\" srcset=\"https:\/\/pascalnoppe.com\/wp-content\/uploads\/2021\/05\/74-2-300x300.jpg 300w, https:\/\/pascalnoppe.com\/wp-content\/uploads\/2021\/05\/74-2-150x150.jpg 150w, https:\/\/pascalnoppe.com\/wp-content\/uploads\/2021\/05\/74-2-100x100.jpg 100w, https:\/\/pascalnoppe.com\/wp-content\/uploads\/2021\/05\/74-2.jpg 400w\" sizes=\"(max-width: 300px) 100vw, 300px\" \/><h2 class=\"woocommerce-loop-product__title\">dessin r\u00e9aliser \u00e0 la main<\/h2>\n<\/a><\/li>\n<li class=\"product type-product post-1164 status-publish last instock product_cat-cote-sucre product_cat-lartistique has-post-thumbnail shipping-taxable product-type-simple\">\n\t<a href=\"https:\/\/pascalnoppe.com\/index.php\/produit\/dragon-en-pastillage\/\" class=\"woocommerce-LoopProduct-link woocommerce-loop-product__link\"><img loading=\"lazy\" decoding=\"async\" width=\"300\" height=\"300\" src=\"https:\/\/pascalnoppe.com\/wp-content\/uploads\/2021\/05\/157-1-300x300.jpg\" class=\"attachment-woocommerce_thumbnail size-woocommerce_thumbnail\" alt=\"\" srcset=\"https:\/\/pascalnoppe.com\/wp-content\/uploads\/2021\/05\/157-1-300x300.jpg 300w, https:\/\/pascalnoppe.com\/wp-content\/uploads\/2021\/05\/157-1-150x150.jpg 150w, https:\/\/pascalnoppe.com\/wp-content\/uploads\/2021\/05\/157-1-100x100.jpg 100w, https:\/\/pascalnoppe.com\/wp-content\/uploads\/2021\/05\/157-1.jpg 400w\" sizes=\"(max-width: 300px) 100vw, 300px\" \/><h2 class=\"woocommerce-loop-product__title\">Dragon en pastillage<\/h2>\n<\/a><\/li>\n<li class=\"product type-product post-1258 status-publish first instock product_cat-cote-sucre product_cat-lartistique has-post-thumbnail shipping-taxable product-type-simple\">\n\t<a href=\"https:\/\/pascalnoppe.com\/index.php\/produit\/fee-clochette\/\" class=\"woocommerce-LoopProduct-link woocommerce-loop-product__link\"><img loading=\"lazy\" decoding=\"async\" width=\"300\" height=\"300\" src=\"https:\/\/pascalnoppe.com\/wp-content\/uploads\/2021\/05\/365-1-300x300.jpg\" class=\"attachment-woocommerce_thumbnail size-woocommerce_thumbnail\" alt=\"\" srcset=\"https:\/\/pascalnoppe.com\/wp-content\/uploads\/2021\/05\/365-1-300x300.jpg 300w, https:\/\/pascalnoppe.com\/wp-content\/uploads\/2021\/05\/365-1-150x150.jpg 150w, https:\/\/pascalnoppe.com\/wp-content\/uploads\/2021\/05\/365-1-100x100.jpg 100w, https:\/\/pascalnoppe.com\/wp-content\/uploads\/2021\/05\/365-1.jpg 400w\" sizes=\"(max-width: 300px) 100vw, 300px\" \/><h2 class=\"woocommerce-loop-product__title\">F\u00e9e clochette<\/h2>\n<\/a><\/li>\n<li class=\"product type-product post-1203 status-publish instock product_cat-cote-sucre product_cat-lartistique has-post-thumbnail shipping-taxable product-type-simple\">\n\t<a href=\"https:\/\/pascalnoppe.com\/index.php\/produit\/fire-truck\/\" class=\"woocommerce-LoopProduct-link woocommerce-loop-product__link\"><img loading=\"lazy\" decoding=\"async\" width=\"300\" height=\"300\" src=\"https:\/\/pascalnoppe.com\/wp-content\/uploads\/2021\/05\/187-1-300x300.jpg\" class=\"attachment-woocommerce_thumbnail size-woocommerce_thumbnail\" alt=\"\" srcset=\"https:\/\/pascalnoppe.com\/wp-content\/uploads\/2021\/05\/187-1-300x300.jpg 300w, https:\/\/pascalnoppe.com\/wp-content\/uploads\/2021\/05\/187-1-150x150.jpg 150w, https:\/\/pascalnoppe.com\/wp-content\/uploads\/2021\/05\/187-1-100x100.jpg 100w, https:\/\/pascalnoppe.com\/wp-content\/uploads\/2021\/05\/187-1.jpg 400w\" sizes=\"(max-width: 300px) 100vw, 300px\" \/><h2 class=\"woocommerce-loop-product__title\">Fire truck<\/h2>\n<\/a><\/li>\n<li class=\"product type-product post-1152 status-publish instock product_cat-cote-sucre product_cat-lartistique has-post-thumbnail shipping-taxable product-type-simple\">\n\t<a href=\"https:\/\/pascalnoppe.com\/index.php\/produit\/gateau-avec-logo\/\" class=\"woocommerce-LoopProduct-link woocommerce-loop-product__link\"><img loading=\"lazy\" decoding=\"async\" width=\"300\" height=\"300\" src=\"https:\/\/pascalnoppe.com\/wp-content\/uploads\/2021\/05\/138-2-300x300.jpg\" class=\"attachment-woocommerce_thumbnail size-woocommerce_thumbnail\" alt=\"\" srcset=\"https:\/\/pascalnoppe.com\/wp-content\/uploads\/2021\/05\/138-2-300x300.jpg 300w, https:\/\/pascalnoppe.com\/wp-content\/uploads\/2021\/05\/138-2-150x150.jpg 150w, https:\/\/pascalnoppe.com\/wp-content\/uploads\/2021\/05\/138-2-100x100.jpg 100w, https:\/\/pascalnoppe.com\/wp-content\/uploads\/2021\/05\/138-2.jpg 400w\" sizes=\"(max-width: 300px) 100vw, 300px\" \/><h2 class=\"woocommerce-loop-product__title\">G\u00e2teau avec logo<\/h2>\n<\/a><\/li>\n<li class=\"product type-product post-1263 status-publish last instock product_cat-cote-sucre product_cat-lartistique has-post-thumbnail shipping-taxable product-type-simple\">\n\t<a href=\"https:\/\/pascalnoppe.com\/index.php\/produit\/gateau-danniversaire-2\/\" class=\"woocommerce-LoopProduct-link woocommerce-loop-product__link\"><img loading=\"lazy\" decoding=\"async\" width=\"300\" height=\"300\" src=\"https:\/\/pascalnoppe.com\/wp-content\/uploads\/2021\/05\/386-1-300x300.jpg\" class=\"attachment-woocommerce_thumbnail size-woocommerce_thumbnail\" alt=\"\" srcset=\"https:\/\/pascalnoppe.com\/wp-content\/uploads\/2021\/05\/386-1-300x300.jpg 300w, https:\/\/pascalnoppe.com\/wp-content\/uploads\/2021\/05\/386-1-150x150.jpg 150w, https:\/\/pascalnoppe.com\/wp-content\/uploads\/2021\/05\/386-1-100x100.jpg 100w, https:\/\/pascalnoppe.com\/wp-content\/uploads\/2021\/05\/386-1.jpg 400w\" sizes=\"(max-width: 300px) 100vw, 300px\" \/><h2 class=\"woocommerce-loop-product__title\">G\u00e2teau d&rsquo;anniversaire<\/h2>\n<\/a><\/li>\n<\/ul>\n<nav class=\"woocommerce-pagination\">\n\t<ul class='page-numbers'>\n\t<li><span aria-current=\"page\" class=\"page-numbers current\">1<\/span><\/li>\n\t<li><a class=\"page-numbers\" href=\"\/index.php\/wp-json\/wp\/v2\/pages\/1582?product-page=2\">2<\/a><\/li>\n\t<li><a class=\"page-numbers\" href=\"\/index.php\/wp-json\/wp\/v2\/pages\/1582?product-page=3\">3<\/a><\/li>\n\t<li><a class=\"page-numbers\" href=\"\/index.php\/wp-json\/wp\/v2\/pages\/1582?product-page=4\">4<\/a><\/li>\n\t<li><a class=\"page-numbers\" href=\"\/index.php\/wp-json\/wp\/v2\/pages\/1582?product-page=5\">5<\/a><\/li>\n\t<li><a class=\"next page-numbers\" href=\"\/index.php\/wp-json\/wp\/v2\/pages\/1582?product-page=2\">&rarr;<\/a><\/li>\n<\/ul>\n<\/nav>\n<\/div>\t\t\t\t<\/div>\n\t\t\t\t<\/div>\n\t\t\t\t\t<\/div>\n\t\t<\/div>\n\t\t\t\t\t<\/div>\n\t\t<\/section>\n\t\t\t\t<\/div>\n\t\t","protected":false},"excerpt":{"rendered":"","protected":false},"author":1,"featured_media":0,"parent":0,"menu_order":0,"comment_status":"closed","ping_status":"closed","template":"","meta":{"footnotes":""},"_links":{"self":[{"href":"https:\/\/pascalnoppe.com\/index.php\/wp-json\/wp\/v2\/pages\/1582"}],"collection":[{"href":"https:\/\/pascalnoppe.com\/index.php\/wp-json\/wp\/v2\/pages"}],"about":[{"href":"https:\/\/pascalnoppe.com\/index.php\/wp-json\/wp\/v2\/types\/page"}],"author":[{"embeddable":true,"href":"https:\/\/pascalnoppe.com\/index.php\/wp-json\/wp\/v2\/users\/1"}],"replies":[{"embeddable":true,"href":"https:\/\/pascalnoppe.com\/index.php\/wp-json\/wp\/v2\/comments?post=1582"}],"version-history":[{"count":4,"href":"https:\/\/pascalnoppe.com\/index.php\/wp-json\/wp\/v2\/pages\/1582\/revisions"}],"predecessor-version":[{"id":1586,"href":"https:\/\/pascalnoppe.com\/index.php\/wp-json\/wp\/v2\/pages\/1582\/revisions\/1586"}],"wp:attachment":[{"href":"https:\/\/pascalnoppe.com\/index.php\/wp-json\/wp\/v2\/media?parent=1582"}],"curies":[{"name":"wp","href":"https:\/\/api.w.org\/{rel}","templated":true}]}}