{"id":1530,"date":"2021-05-24T13:59:57","date_gmt":"2021-05-24T11:59:57","guid":{"rendered":"https:\/\/pascalnoppe.com\/?page_id=1530"},"modified":"2021-05-24T14:01:01","modified_gmt":"2021-05-24T12:01:01","slug":"les-glaces-et-entremets-glaces","status":"publish","type":"page","link":"https:\/\/pascalnoppe.com\/index.php\/les-glaces-et-entremets-glaces\/","title":{"rendered":"Les Glaces et entremets Glac\u00e9s"},"content":{"rendered":"\t\t<div data-elementor-type=\"wp-page\" data-elementor-id=\"1530\" class=\"elementor elementor-1530\" data-elementor-post-type=\"page\">\n\t\t\t\t\t\t<section class=\"elementor-section elementor-top-section elementor-element elementor-element-72d9b72 elementor-section-boxed elementor-section-height-default elementor-section-height-default\" data-id=\"72d9b72\" data-element_type=\"section\">\n\t\t\t\t\t\t<div class=\"elementor-container elementor-column-gap-default\">\n\t\t\t\t\t<div class=\"elementor-column elementor-col-100 elementor-top-column elementor-element elementor-element-c12e23f\" data-id=\"c12e23f\" data-element_type=\"column\">\n\t\t\t<div class=\"elementor-widget-wrap elementor-element-populated\">\n\t\t\t\t\t\t<div class=\"elementor-element elementor-element-a91b637 elementor-widget elementor-widget-woocommerce-breadcrumb\" data-id=\"a91b637\" data-element_type=\"widget\" data-widget_type=\"woocommerce-breadcrumb.default\">\n\t\t\t\t<div class=\"elementor-widget-container\">\n\t\t\t\t\t<nav class=\"woocommerce-breadcrumb\" aria-label=\"Breadcrumb\">Accueil<\/nav>\t\t\t\t<\/div>\n\t\t\t\t<\/div>\n\t\t\t\t<div class=\"elementor-element elementor-element-a833f23 elementor-grid-4 elementor-grid-tablet-3 elementor-grid-mobile-2 elementor-products-grid elementor-wc-products elementor-show-pagination-border-yes elementor-widget elementor-widget-woocommerce-products\" data-id=\"a833f23\" data-element_type=\"widget\" data-widget_type=\"woocommerce-products.default\">\n\t\t\t\t<div class=\"elementor-widget-container\">\n\t\t\t\t\t<div class=\"woocommerce columns-4 \"><div class=\"woocommerce-notices-wrapper\"><\/div><ul class=\"products elementor-grid columns-4\">\n<li class=\"product type-product post-809 status-publish first instock product_cat-cote-sucre product_cat-les-glaces-et-entremets-glaces has-post-thumbnail shipping-taxable product-type-simple\">\n\t<a href=\"https:\/\/pascalnoppe.com\/index.php\/produit\/baileys-et-brownies\/\" class=\"woocommerce-LoopProduct-link woocommerce-loop-product__link\"><img fetchpriority=\"high\" decoding=\"async\" width=\"300\" height=\"300\" src=\"https:\/\/pascalnoppe.com\/wp-content\/uploads\/2021\/05\/264-1-300x300.jpg\" class=\"attachment-woocommerce_thumbnail size-woocommerce_thumbnail\" alt=\"\" srcset=\"https:\/\/pascalnoppe.com\/wp-content\/uploads\/2021\/05\/264-1-300x300.jpg 300w, https:\/\/pascalnoppe.com\/wp-content\/uploads\/2021\/05\/264-1-150x150.jpg 150w, https:\/\/pascalnoppe.com\/wp-content\/uploads\/2021\/05\/264-1-100x100.jpg 100w, https:\/\/pascalnoppe.com\/wp-content\/uploads\/2021\/05\/264-1.jpg 400w\" sizes=\"(max-width: 300px) 100vw, 300px\" \/><h2 class=\"woocommerce-loop-product__title\">Baileys et brownies<\/h2>\n<\/a><\/li>\n<li class=\"product type-product post-801 status-publish instock product_cat-cote-sucre product_cat-les-glaces-et-entremets-glaces has-post-thumbnail shipping-taxable product-type-simple\">\n\t<a href=\"https:\/\/pascalnoppe.com\/index.php\/produit\/buche-ardechoise\/\" class=\"woocommerce-LoopProduct-link woocommerce-loop-product__link\"><img decoding=\"async\" width=\"300\" height=\"300\" src=\"https:\/\/pascalnoppe.com\/wp-content\/uploads\/2021\/05\/208-1-300x300.jpg\" class=\"attachment-woocommerce_thumbnail size-woocommerce_thumbnail\" alt=\"\" srcset=\"https:\/\/pascalnoppe.com\/wp-content\/uploads\/2021\/05\/208-1-300x300.jpg 300w, https:\/\/pascalnoppe.com\/wp-content\/uploads\/2021\/05\/208-1-150x150.jpg 150w, https:\/\/pascalnoppe.com\/wp-content\/uploads\/2021\/05\/208-1-100x100.jpg 100w, https:\/\/pascalnoppe.com\/wp-content\/uploads\/2021\/05\/208-1.jpg 400w\" sizes=\"(max-width: 300px) 100vw, 300px\" \/><h2 class=\"woocommerce-loop-product__title\">B\u00fbche ard\u00e9choise<\/h2>\n<\/a><\/li>\n<li class=\"product type-product post-799 status-publish instock product_cat-cote-sucre product_cat-les-glaces-et-entremets-glaces has-post-thumbnail shipping-taxable product-type-simple\">\n\t<a href=\"https:\/\/pascalnoppe.com\/index.php\/produit\/buche-fruite-au-nougat-glace\/\" class=\"woocommerce-LoopProduct-link woocommerce-loop-product__link\"><img decoding=\"async\" width=\"300\" height=\"300\" src=\"https:\/\/pascalnoppe.com\/wp-content\/uploads\/2021\/05\/206-1-300x300.jpg\" class=\"attachment-woocommerce_thumbnail size-woocommerce_thumbnail\" alt=\"\" srcset=\"https:\/\/pascalnoppe.com\/wp-content\/uploads\/2021\/05\/206-1-300x300.jpg 300w, https:\/\/pascalnoppe.com\/wp-content\/uploads\/2021\/05\/206-1-150x150.jpg 150w, https:\/\/pascalnoppe.com\/wp-content\/uploads\/2021\/05\/206-1-100x100.jpg 100w, https:\/\/pascalnoppe.com\/wp-content\/uploads\/2021\/05\/206-1.jpg 400w\" sizes=\"(max-width: 300px) 100vw, 300px\" \/><h2 class=\"woocommerce-loop-product__title\">B\u00fbche fruit\u00e9 au nougat glac\u00e9<\/h2>\n<\/a><\/li>\n<li class=\"product type-product post-800 status-publish last instock product_cat-cote-sucre product_cat-les-glaces-et-entremets-glaces has-post-thumbnail shipping-taxable product-type-simple\">\n\t<a href=\"https:\/\/pascalnoppe.com\/index.php\/produit\/buche-rubis\/\" class=\"woocommerce-LoopProduct-link woocommerce-loop-product__link\"><img loading=\"lazy\" decoding=\"async\" width=\"300\" height=\"300\" src=\"https:\/\/pascalnoppe.com\/wp-content\/uploads\/2021\/05\/207-1-300x300.jpg\" class=\"attachment-woocommerce_thumbnail size-woocommerce_thumbnail\" alt=\"\" srcset=\"https:\/\/pascalnoppe.com\/wp-content\/uploads\/2021\/05\/207-1-300x300.jpg 300w, https:\/\/pascalnoppe.com\/wp-content\/uploads\/2021\/05\/207-1-150x150.jpg 150w, https:\/\/pascalnoppe.com\/wp-content\/uploads\/2021\/05\/207-1-100x100.jpg 100w, https:\/\/pascalnoppe.com\/wp-content\/uploads\/2021\/05\/207-1.jpg 400w\" sizes=\"(max-width: 300px) 100vw, 300px\" \/><h2 class=\"woocommerce-loop-product__title\">B\u00fbche rubis<\/h2>\n<\/a><\/li>\n<li class=\"product type-product post-802 status-publish first instock product_cat-cote-sucre product_cat-les-glaces-et-entremets-glaces has-post-thumbnail shipping-taxable product-type-simple\">\n\t<a href=\"https:\/\/pascalnoppe.com\/index.php\/produit\/le-balthazar\/\" class=\"woocommerce-LoopProduct-link woocommerce-loop-product__link\"><img loading=\"lazy\" decoding=\"async\" width=\"300\" height=\"300\" src=\"https:\/\/pascalnoppe.com\/wp-content\/uploads\/2021\/05\/209-1-300x300.jpg\" class=\"attachment-woocommerce_thumbnail size-woocommerce_thumbnail\" alt=\"\" srcset=\"https:\/\/pascalnoppe.com\/wp-content\/uploads\/2021\/05\/209-1-300x300.jpg 300w, https:\/\/pascalnoppe.com\/wp-content\/uploads\/2021\/05\/209-1-150x150.jpg 150w, https:\/\/pascalnoppe.com\/wp-content\/uploads\/2021\/05\/209-1-100x100.jpg 100w, https:\/\/pascalnoppe.com\/wp-content\/uploads\/2021\/05\/209-1.jpg 400w\" sizes=\"(max-width: 300px) 100vw, 300px\" \/><h2 class=\"woocommerce-loop-product__title\">Le balthazar<\/h2>\n<\/a><\/li>\n<li class=\"product type-product post-807 status-publish instock product_cat-cote-sucre product_cat-les-glaces-et-entremets-glaces has-post-thumbnail shipping-taxable product-type-simple\">\n\t<a href=\"https:\/\/pascalnoppe.com\/index.php\/produit\/le-rubis\/\" class=\"woocommerce-LoopProduct-link woocommerce-loop-product__link\"><img loading=\"lazy\" decoding=\"async\" width=\"300\" height=\"300\" src=\"https:\/\/pascalnoppe.com\/wp-content\/uploads\/2021\/05\/262-1-300x300.jpg\" class=\"attachment-woocommerce_thumbnail size-woocommerce_thumbnail\" alt=\"\" srcset=\"https:\/\/pascalnoppe.com\/wp-content\/uploads\/2021\/05\/262-1-300x300.jpg 300w, https:\/\/pascalnoppe.com\/wp-content\/uploads\/2021\/05\/262-1-150x150.jpg 150w, https:\/\/pascalnoppe.com\/wp-content\/uploads\/2021\/05\/262-1-100x100.jpg 100w, https:\/\/pascalnoppe.com\/wp-content\/uploads\/2021\/05\/262-1.jpg 400w\" sizes=\"(max-width: 300px) 100vw, 300px\" \/><h2 class=\"woocommerce-loop-product__title\">Le rubis<\/h2>\n<\/a><\/li>\n<li class=\"product type-product post-842 status-publish instock product_cat-cote-sucre product_cat-les-glaces-et-entremets-glaces has-post-thumbnail shipping-taxable product-type-simple\">\n\t<a href=\"https:\/\/pascalnoppe.com\/index.php\/produit\/les-pots-de-glace-vanille\/\" class=\"woocommerce-LoopProduct-link woocommerce-loop-product__link\"><img loading=\"lazy\" decoding=\"async\" width=\"300\" height=\"300\" src=\"https:\/\/pascalnoppe.com\/wp-content\/uploads\/2021\/05\/360-1-300x300.jpg\" class=\"attachment-woocommerce_thumbnail size-woocommerce_thumbnail\" alt=\"\" srcset=\"https:\/\/pascalnoppe.com\/wp-content\/uploads\/2021\/05\/360-1-300x300.jpg 300w, https:\/\/pascalnoppe.com\/wp-content\/uploads\/2021\/05\/360-1-150x150.jpg 150w, https:\/\/pascalnoppe.com\/wp-content\/uploads\/2021\/05\/360-1-100x100.jpg 100w, https:\/\/pascalnoppe.com\/wp-content\/uploads\/2021\/05\/360-1.jpg 400w\" sizes=\"(max-width: 300px) 100vw, 300px\" \/><h2 class=\"woocommerce-loop-product__title\">Les pots de glace vanille<\/h2>\n<\/a><\/li>\n<li class=\"product type-product post-798 status-publish last instock product_cat-cote-sucre product_cat-les-glaces-et-entremets-glaces has-post-thumbnail shipping-taxable product-type-simple\">\n\t<a href=\"https:\/\/pascalnoppe.com\/index.php\/produit\/pot-de-glace-baileys-folies\/\" class=\"woocommerce-LoopProduct-link woocommerce-loop-product__link\"><img loading=\"lazy\" decoding=\"async\" width=\"300\" height=\"300\" src=\"https:\/\/pascalnoppe.com\/wp-content\/uploads\/2021\/05\/153-1-300x300.jpg\" class=\"attachment-woocommerce_thumbnail size-woocommerce_thumbnail\" alt=\"\" srcset=\"https:\/\/pascalnoppe.com\/wp-content\/uploads\/2021\/05\/153-1-300x300.jpg 300w, https:\/\/pascalnoppe.com\/wp-content\/uploads\/2021\/05\/153-1-150x150.jpg 150w, https:\/\/pascalnoppe.com\/wp-content\/uploads\/2021\/05\/153-1-100x100.jpg 100w, https:\/\/pascalnoppe.com\/wp-content\/uploads\/2021\/05\/153-1.jpg 400w\" sizes=\"(max-width: 300px) 100vw, 300px\" \/><h2 class=\"woocommerce-loop-product__title\">Pot de glace \/ baileys folies<\/h2>\n<\/a><\/li>\n<li class=\"product type-product post-796 status-publish first instock product_cat-cote-sucre product_cat-les-glaces-et-entremets-glaces has-post-thumbnail shipping-taxable product-type-simple\">\n\t<a href=\"https:\/\/pascalnoppe.com\/index.php\/produit\/pot-de-glace-cubana\/\" class=\"woocommerce-LoopProduct-link woocommerce-loop-product__link\"><img loading=\"lazy\" decoding=\"async\" width=\"300\" height=\"300\" src=\"https:\/\/pascalnoppe.com\/wp-content\/uploads\/2021\/05\/151-1-300x300.jpg\" class=\"attachment-woocommerce_thumbnail size-woocommerce_thumbnail\" alt=\"\" srcset=\"https:\/\/pascalnoppe.com\/wp-content\/uploads\/2021\/05\/151-1-300x300.jpg 300w, https:\/\/pascalnoppe.com\/wp-content\/uploads\/2021\/05\/151-1-150x150.jpg 150w, https:\/\/pascalnoppe.com\/wp-content\/uploads\/2021\/05\/151-1-100x100.jpg 100w, https:\/\/pascalnoppe.com\/wp-content\/uploads\/2021\/05\/151-1.jpg 400w\" sizes=\"(max-width: 300px) 100vw, 300px\" \/><h2 class=\"woocommerce-loop-product__title\">Pot de glace \/ cubana<\/h2>\n<\/a><\/li>\n<li class=\"product type-product post-795 status-publish instock product_cat-cote-sucre product_cat-les-glaces-et-entremets-glaces has-post-thumbnail shipping-taxable product-type-simple\">\n\t<a href=\"https:\/\/pascalnoppe.com\/index.php\/produit\/pot-de-glace-mosaic\/\" class=\"woocommerce-LoopProduct-link woocommerce-loop-product__link\"><img loading=\"lazy\" decoding=\"async\" width=\"300\" height=\"300\" src=\"https:\/\/pascalnoppe.com\/wp-content\/uploads\/2021\/05\/124-2-300x300.jpg\" class=\"attachment-woocommerce_thumbnail size-woocommerce_thumbnail\" alt=\"\" srcset=\"https:\/\/pascalnoppe.com\/wp-content\/uploads\/2021\/05\/124-2-300x300.jpg 300w, https:\/\/pascalnoppe.com\/wp-content\/uploads\/2021\/05\/124-2-150x150.jpg 150w, https:\/\/pascalnoppe.com\/wp-content\/uploads\/2021\/05\/124-2-100x100.jpg 100w, https:\/\/pascalnoppe.com\/wp-content\/uploads\/2021\/05\/124-2.jpg 400w\" sizes=\"(max-width: 300px) 100vw, 300px\" \/><h2 class=\"woocommerce-loop-product__title\">Pot de Glace \/ Mosa\u00efc<\/h2>\n<\/a><\/li>\n<li class=\"product type-product post-797 status-publish instock product_cat-cote-sucre product_cat-les-glaces-et-entremets-glaces has-post-thumbnail shipping-taxable product-type-simple\">\n\t<a href=\"https:\/\/pascalnoppe.com\/index.php\/produit\/pot-de-glace-plenitude\/\" class=\"woocommerce-LoopProduct-link woocommerce-loop-product__link\"><img loading=\"lazy\" decoding=\"async\" width=\"300\" height=\"300\" src=\"https:\/\/pascalnoppe.com\/wp-content\/uploads\/2021\/05\/152-1-300x300.jpg\" class=\"attachment-woocommerce_thumbnail size-woocommerce_thumbnail\" alt=\"\" srcset=\"https:\/\/pascalnoppe.com\/wp-content\/uploads\/2021\/05\/152-1-300x300.jpg 300w, https:\/\/pascalnoppe.com\/wp-content\/uploads\/2021\/05\/152-1-150x150.jpg 150w, https:\/\/pascalnoppe.com\/wp-content\/uploads\/2021\/05\/152-1-100x100.jpg 100w, https:\/\/pascalnoppe.com\/wp-content\/uploads\/2021\/05\/152-1.jpg 400w\" sizes=\"(max-width: 300px) 100vw, 300px\" \/><h2 class=\"woocommerce-loop-product__title\">Pot de glace \/ Pl\u00e9nitude<\/h2>\n<\/a><\/li>\n<li class=\"product type-product post-810 status-publish last instock product_cat-cote-sucre product_cat-les-glaces-et-entremets-glaces has-post-thumbnail shipping-taxable product-type-simple\">\n\t<a href=\"https:\/\/pascalnoppe.com\/index.php\/produit\/pot-tentation\/\" class=\"woocommerce-LoopProduct-link woocommerce-loop-product__link\"><img loading=\"lazy\" decoding=\"async\" width=\"300\" height=\"300\" src=\"https:\/\/pascalnoppe.com\/wp-content\/uploads\/2021\/05\/265-1-300x300.jpg\" class=\"attachment-woocommerce_thumbnail size-woocommerce_thumbnail\" alt=\"\" srcset=\"https:\/\/pascalnoppe.com\/wp-content\/uploads\/2021\/05\/265-1-300x300.jpg 300w, https:\/\/pascalnoppe.com\/wp-content\/uploads\/2021\/05\/265-1-150x150.jpg 150w, https:\/\/pascalnoppe.com\/wp-content\/uploads\/2021\/05\/265-1-100x100.jpg 100w, https:\/\/pascalnoppe.com\/wp-content\/uploads\/2021\/05\/265-1.jpg 400w\" sizes=\"(max-width: 300px) 100vw, 300px\" \/><h2 class=\"woocommerce-loop-product__title\">Pot tentation<\/h2>\n<\/a><\/li>\n<li class=\"product type-product post-806 status-publish first instock product_cat-cote-sucre product_cat-les-glaces-et-entremets-glaces has-post-thumbnail shipping-taxable product-type-simple\">\n\t<a href=\"https:\/\/pascalnoppe.com\/index.php\/produit\/sensation-fruite\/\" class=\"woocommerce-LoopProduct-link woocommerce-loop-product__link\"><img loading=\"lazy\" decoding=\"async\" width=\"300\" height=\"300\" src=\"https:\/\/pascalnoppe.com\/wp-content\/uploads\/2021\/05\/261-1-300x300.jpg\" class=\"attachment-woocommerce_thumbnail size-woocommerce_thumbnail\" alt=\"\" srcset=\"https:\/\/pascalnoppe.com\/wp-content\/uploads\/2021\/05\/261-1-300x300.jpg 300w, https:\/\/pascalnoppe.com\/wp-content\/uploads\/2021\/05\/261-1-150x150.jpg 150w, https:\/\/pascalnoppe.com\/wp-content\/uploads\/2021\/05\/261-1-100x100.jpg 100w, https:\/\/pascalnoppe.com\/wp-content\/uploads\/2021\/05\/261-1.jpg 400w\" sizes=\"(max-width: 300px) 100vw, 300px\" \/><h2 class=\"woocommerce-loop-product__title\">Sensation fruit\u00e9<\/h2>\n<\/a><\/li>\n<li class=\"product type-product post-804 status-publish instock product_cat-cote-sucre product_cat-les-glaces-et-entremets-glaces has-post-thumbnail shipping-taxable product-type-simple\">\n\t<a href=\"https:\/\/pascalnoppe.com\/index.php\/produit\/sensation-tatin\/\" class=\"woocommerce-LoopProduct-link woocommerce-loop-product__link\"><img loading=\"lazy\" decoding=\"async\" width=\"300\" height=\"300\" src=\"https:\/\/pascalnoppe.com\/wp-content\/uploads\/2021\/05\/212-1-300x300.jpg\" class=\"attachment-woocommerce_thumbnail size-woocommerce_thumbnail\" alt=\"\" srcset=\"https:\/\/pascalnoppe.com\/wp-content\/uploads\/2021\/05\/212-1-300x300.jpg 300w, https:\/\/pascalnoppe.com\/wp-content\/uploads\/2021\/05\/212-1-150x150.jpg 150w, https:\/\/pascalnoppe.com\/wp-content\/uploads\/2021\/05\/212-1-100x100.jpg 100w, https:\/\/pascalnoppe.com\/wp-content\/uploads\/2021\/05\/212-1.jpg 400w\" sizes=\"(max-width: 300px) 100vw, 300px\" \/><h2 class=\"woocommerce-loop-product__title\">Sensation tatin<\/h2>\n<\/a><\/li>\n<li class=\"product type-product post-803 status-publish instock product_cat-cote-sucre product_cat-les-glaces-et-entremets-glaces has-post-thumbnail shipping-taxable product-type-simple\">\n\t<a href=\"https:\/\/pascalnoppe.com\/index.php\/produit\/sensualite-poire-et-griottine\/\" class=\"woocommerce-LoopProduct-link woocommerce-loop-product__link\"><img loading=\"lazy\" decoding=\"async\" width=\"300\" height=\"300\" src=\"https:\/\/pascalnoppe.com\/wp-content\/uploads\/2021\/05\/211-1-300x300.jpg\" class=\"attachment-woocommerce_thumbnail size-woocommerce_thumbnail\" alt=\"\" srcset=\"https:\/\/pascalnoppe.com\/wp-content\/uploads\/2021\/05\/211-1-300x300.jpg 300w, https:\/\/pascalnoppe.com\/wp-content\/uploads\/2021\/05\/211-1-150x150.jpg 150w, https:\/\/pascalnoppe.com\/wp-content\/uploads\/2021\/05\/211-1-100x100.jpg 100w, https:\/\/pascalnoppe.com\/wp-content\/uploads\/2021\/05\/211-1.jpg 400w\" sizes=\"(max-width: 300px) 100vw, 300px\" \/><h2 class=\"woocommerce-loop-product__title\">Sensualit\u00e9 poire et griottine<\/h2>\n<\/a><\/li>\n<li class=\"product type-product post-805 status-publish last instock product_cat-cote-sucre product_cat-les-glaces-et-entremets-glaces has-post-thumbnail shipping-taxable product-type-simple\">\n\t<a href=\"https:\/\/pascalnoppe.com\/index.php\/produit\/terrine-abricot-amande\/\" class=\"woocommerce-LoopProduct-link woocommerce-loop-product__link\"><img loading=\"lazy\" decoding=\"async\" width=\"300\" height=\"300\" src=\"https:\/\/pascalnoppe.com\/wp-content\/uploads\/2021\/05\/260-1-300x300.jpg\" class=\"attachment-woocommerce_thumbnail size-woocommerce_thumbnail\" alt=\"\" srcset=\"https:\/\/pascalnoppe.com\/wp-content\/uploads\/2021\/05\/260-1-300x300.jpg 300w, https:\/\/pascalnoppe.com\/wp-content\/uploads\/2021\/05\/260-1-150x150.jpg 150w, https:\/\/pascalnoppe.com\/wp-content\/uploads\/2021\/05\/260-1-100x100.jpg 100w, https:\/\/pascalnoppe.com\/wp-content\/uploads\/2021\/05\/260-1.jpg 400w\" sizes=\"(max-width: 300px) 100vw, 300px\" \/><h2 class=\"woocommerce-loop-product__title\">T\u00e9rrine abricot amande<\/h2>\n<\/a><\/li>\n<\/ul>\n<nav class=\"woocommerce-pagination\">\n\t<ul class='page-numbers'>\n\t<li><span aria-current=\"page\" class=\"page-numbers current\">1<\/span><\/li>\n\t<li><a class=\"page-numbers\" href=\"\/index.php\/wp-json\/wp\/v2\/pages\/1530?product-page=2\">2<\/a><\/li>\n\t<li><a class=\"next page-numbers\" href=\"\/index.php\/wp-json\/wp\/v2\/pages\/1530?product-page=2\">&rarr;<\/a><\/li>\n<\/ul>\n<\/nav>\n<\/div>\t\t\t\t<\/div>\n\t\t\t\t<\/div>\n\t\t\t\t\t<\/div>\n\t\t<\/div>\n\t\t\t\t\t<\/div>\n\t\t<\/section>\n\t\t\t\t<\/div>\n\t\t","protected":false},"excerpt":{"rendered":"","protected":false},"author":1,"featured_media":0,"parent":0,"menu_order":0,"comment_status":"closed","ping_status":"closed","template":"","meta":{"footnotes":""},"_links":{"self":[{"href":"https:\/\/pascalnoppe.com\/index.php\/wp-json\/wp\/v2\/pages\/1530"}],"collection":[{"href":"https:\/\/pascalnoppe.com\/index.php\/wp-json\/wp\/v2\/pages"}],"about":[{"href":"https:\/\/pascalnoppe.com\/index.php\/wp-json\/wp\/v2\/types\/page"}],"author":[{"embeddable":true,"href":"https:\/\/pascalnoppe.com\/index.php\/wp-json\/wp\/v2\/users\/1"}],"replies":[{"embeddable":true,"href":"https:\/\/pascalnoppe.com\/index.php\/wp-json\/wp\/v2\/comments?post=1530"}],"version-history":[{"count":7,"href":"https:\/\/pascalnoppe.com\/index.php\/wp-json\/wp\/v2\/pages\/1530\/revisions"}],"predecessor-version":[{"id":1537,"href":"https:\/\/pascalnoppe.com\/index.php\/wp-json\/wp\/v2\/pages\/1530\/revisions\/1537"}],"wp:attachment":[{"href":"https:\/\/pascalnoppe.com\/index.php\/wp-json\/wp\/v2\/media?parent=1530"}],"curies":[{"name":"wp","href":"https:\/\/api.w.org\/{rel}","templated":true}]}}