{"id":1520,"date":"2021-05-24T13:57:16","date_gmt":"2021-05-24T11:57:16","guid":{"rendered":"https:\/\/pascalnoppe.com\/?page_id=1520"},"modified":"2021-05-24T13:58:05","modified_gmt":"2021-05-24T11:58:05","slug":"petits-gateaux","status":"publish","type":"page","link":"https:\/\/pascalnoppe.com\/index.php\/petits-gateaux\/","title":{"rendered":"Petits Gateaux"},"content":{"rendered":"\t\t<div data-elementor-type=\"wp-page\" data-elementor-id=\"1520\" class=\"elementor elementor-1520\" data-elementor-post-type=\"page\">\n\t\t\t\t\t\t<section class=\"elementor-section elementor-top-section elementor-element elementor-element-37110d9 elementor-section-boxed elementor-section-height-default elementor-section-height-default\" data-id=\"37110d9\" data-element_type=\"section\">\n\t\t\t\t\t\t<div class=\"elementor-container elementor-column-gap-default\">\n\t\t\t\t\t<div class=\"elementor-column elementor-col-100 elementor-top-column elementor-element elementor-element-d7ca7b9\" data-id=\"d7ca7b9\" data-element_type=\"column\">\n\t\t\t<div class=\"elementor-widget-wrap elementor-element-populated\">\n\t\t\t\t\t\t<div class=\"elementor-element elementor-element-d64fea6 elementor-grid-4 elementor-grid-tablet-3 elementor-grid-mobile-2 elementor-products-grid elementor-wc-products elementor-show-pagination-border-yes elementor-widget elementor-widget-woocommerce-products\" data-id=\"d64fea6\" data-element_type=\"widget\" data-widget_type=\"woocommerce-products.default\">\n\t\t\t\t<div class=\"elementor-widget-container\">\n\t\t\t\t\t<div class=\"woocommerce columns-4 \"><div class=\"woocommerce-notices-wrapper\"><\/div><ul class=\"products elementor-grid columns-4\">\n<li class=\"product type-product post-733 status-publish first instock product_cat-cote-sucre product_cat-petits-gateaux-cote-sucre has-post-thumbnail shipping-taxable product-type-simple\">\n\t<a href=\"https:\/\/pascalnoppe.com\/index.php\/produit\/assortiment-de-petits-gateaux\/\" class=\"woocommerce-LoopProduct-link woocommerce-loop-product__link\"><img fetchpriority=\"high\" decoding=\"async\" width=\"300\" height=\"300\" src=\"https:\/\/pascalnoppe.com\/wp-content\/uploads\/2021\/05\/86-1-300x300.jpg\" class=\"attachment-woocommerce_thumbnail size-woocommerce_thumbnail\" alt=\"\" srcset=\"https:\/\/pascalnoppe.com\/wp-content\/uploads\/2021\/05\/86-1-300x300.jpg 300w, https:\/\/pascalnoppe.com\/wp-content\/uploads\/2021\/05\/86-1-150x150.jpg 150w, https:\/\/pascalnoppe.com\/wp-content\/uploads\/2021\/05\/86-1-100x100.jpg 100w, https:\/\/pascalnoppe.com\/wp-content\/uploads\/2021\/05\/86-1.jpg 400w\" sizes=\"(max-width: 300px) 100vw, 300px\" \/><h2 class=\"woocommerce-loop-product__title\">Assortiment de petits gateaux<\/h2>\n<\/a><\/li>\n<li class=\"product type-product post-736 status-publish instock product_cat-cote-sucre product_cat-petits-gateaux-cote-sucre has-post-thumbnail shipping-taxable product-type-simple\">\n\t<a href=\"https:\/\/pascalnoppe.com\/index.php\/produit\/brownies-et-son-cremeux-a-la-framboise\/\" class=\"woocommerce-LoopProduct-link woocommerce-loop-product__link\"><img decoding=\"async\" width=\"300\" height=\"300\" src=\"https:\/\/pascalnoppe.com\/wp-content\/uploads\/2021\/05\/149-1-300x300.jpg\" class=\"attachment-woocommerce_thumbnail size-woocommerce_thumbnail\" alt=\"\" srcset=\"https:\/\/pascalnoppe.com\/wp-content\/uploads\/2021\/05\/149-1-300x300.jpg 300w, https:\/\/pascalnoppe.com\/wp-content\/uploads\/2021\/05\/149-1-150x150.jpg 150w, https:\/\/pascalnoppe.com\/wp-content\/uploads\/2021\/05\/149-1-100x100.jpg 100w, https:\/\/pascalnoppe.com\/wp-content\/uploads\/2021\/05\/149-1.jpg 400w\" sizes=\"(max-width: 300px) 100vw, 300px\" \/><h2 class=\"woocommerce-loop-product__title\">Brownies et son cr\u00e9meux \u00e0 la framboise<\/h2>\n<\/a><\/li>\n<li class=\"product type-product post-730 status-publish instock product_cat-cote-sucre product_cat-petits-gateaux-cote-sucre has-post-thumbnail shipping-taxable product-type-simple\">\n\t<a href=\"https:\/\/pascalnoppe.com\/index.php\/produit\/creme-brulee-a-la-vanille-gousse\/\" class=\"woocommerce-LoopProduct-link woocommerce-loop-product__link\"><img decoding=\"async\" width=\"300\" height=\"300\" src=\"https:\/\/pascalnoppe.com\/wp-content\/uploads\/2021\/05\/60-2-300x300.jpg\" class=\"attachment-woocommerce_thumbnail size-woocommerce_thumbnail\" alt=\"\" srcset=\"https:\/\/pascalnoppe.com\/wp-content\/uploads\/2021\/05\/60-2-300x300.jpg 300w, https:\/\/pascalnoppe.com\/wp-content\/uploads\/2021\/05\/60-2-150x150.jpg 150w, https:\/\/pascalnoppe.com\/wp-content\/uploads\/2021\/05\/60-2-100x100.jpg 100w, https:\/\/pascalnoppe.com\/wp-content\/uploads\/2021\/05\/60-2.jpg 400w\" sizes=\"(max-width: 300px) 100vw, 300px\" \/><h2 class=\"woocommerce-loop-product__title\">Cr\u00e8me brul\u00e9e \u00e0 la vanille gousse<\/h2>\n<\/a><\/li>\n<li class=\"product type-product post-731 status-publish last instock product_cat-cote-sucre product_cat-petits-gateaux-cote-sucre has-post-thumbnail shipping-taxable product-type-simple\">\n\t<a href=\"https:\/\/pascalnoppe.com\/index.php\/produit\/la-tarte-citron\/\" class=\"woocommerce-LoopProduct-link woocommerce-loop-product__link\"><img loading=\"lazy\" decoding=\"async\" width=\"300\" height=\"300\" src=\"https:\/\/pascalnoppe.com\/wp-content\/uploads\/2021\/05\/61-2-300x300.jpg\" class=\"attachment-woocommerce_thumbnail size-woocommerce_thumbnail\" alt=\"\" srcset=\"https:\/\/pascalnoppe.com\/wp-content\/uploads\/2021\/05\/61-2-300x300.jpg 300w, https:\/\/pascalnoppe.com\/wp-content\/uploads\/2021\/05\/61-2-150x150.jpg 150w, https:\/\/pascalnoppe.com\/wp-content\/uploads\/2021\/05\/61-2-100x100.jpg 100w, https:\/\/pascalnoppe.com\/wp-content\/uploads\/2021\/05\/61-2.jpg 400w\" sizes=\"(max-width: 300px) 100vw, 300px\" \/><h2 class=\"woocommerce-loop-product__title\">La tarte citron<\/h2>\n<\/a><\/li>\n<li class=\"product type-product post-741 status-publish first instock product_cat-cote-sucre product_cat-petits-gateaux-cote-sucre has-post-thumbnail shipping-taxable product-type-simple\">\n\t<a href=\"https:\/\/pascalnoppe.com\/index.php\/produit\/la-tentation-tatin\/\" class=\"woocommerce-LoopProduct-link woocommerce-loop-product__link\"><img loading=\"lazy\" decoding=\"async\" width=\"300\" height=\"300\" src=\"https:\/\/pascalnoppe.com\/wp-content\/uploads\/2021\/05\/330-1-300x300.jpg\" class=\"attachment-woocommerce_thumbnail size-woocommerce_thumbnail\" alt=\"\" srcset=\"https:\/\/pascalnoppe.com\/wp-content\/uploads\/2021\/05\/330-1-300x300.jpg 300w, https:\/\/pascalnoppe.com\/wp-content\/uploads\/2021\/05\/330-1-150x150.jpg 150w, https:\/\/pascalnoppe.com\/wp-content\/uploads\/2021\/05\/330-1-100x100.jpg 100w, https:\/\/pascalnoppe.com\/wp-content\/uploads\/2021\/05\/330-1.jpg 400w\" sizes=\"(max-width: 300px) 100vw, 300px\" \/><h2 class=\"woocommerce-loop-product__title\">la tentation tatin<\/h2>\n<\/a><\/li>\n<li class=\"product type-product post-723 status-publish instock product_cat-cote-sucre product_cat-petits-gateaux-cote-sucre has-post-thumbnail shipping-taxable product-type-simple\">\n\t<a href=\"https:\/\/pascalnoppe.com\/index.php\/produit\/le-breteuil\/\" class=\"woocommerce-LoopProduct-link woocommerce-loop-product__link\"><img loading=\"lazy\" decoding=\"async\" width=\"300\" height=\"300\" src=\"https:\/\/pascalnoppe.com\/wp-content\/uploads\/2021\/05\/14-1-300x300.jpg\" class=\"attachment-woocommerce_thumbnail size-woocommerce_thumbnail\" alt=\"\" srcset=\"https:\/\/pascalnoppe.com\/wp-content\/uploads\/2021\/05\/14-1-300x300.jpg 300w, https:\/\/pascalnoppe.com\/wp-content\/uploads\/2021\/05\/14-1-150x150.jpg 150w, https:\/\/pascalnoppe.com\/wp-content\/uploads\/2021\/05\/14-1-100x100.jpg 100w, https:\/\/pascalnoppe.com\/wp-content\/uploads\/2021\/05\/14-1.jpg 400w\" sizes=\"(max-width: 300px) 100vw, 300px\" \/><h2 class=\"woocommerce-loop-product__title\">Le Breteuil<\/h2>\n<\/a><\/li>\n<li class=\"product type-product post-728 status-publish instock product_cat-cote-sucre product_cat-petits-gateaux-cote-sucre has-post-thumbnail shipping-taxable product-type-simple\">\n\t<a href=\"https:\/\/pascalnoppe.com\/index.php\/produit\/le-deux-chocolat-2\/\" class=\"woocommerce-LoopProduct-link woocommerce-loop-product__link\"><img loading=\"lazy\" decoding=\"async\" width=\"300\" height=\"300\" src=\"https:\/\/pascalnoppe.com\/wp-content\/uploads\/2021\/05\/54-2-300x300.jpg\" class=\"attachment-woocommerce_thumbnail size-woocommerce_thumbnail\" alt=\"\" srcset=\"https:\/\/pascalnoppe.com\/wp-content\/uploads\/2021\/05\/54-2-300x300.jpg 300w, https:\/\/pascalnoppe.com\/wp-content\/uploads\/2021\/05\/54-2-150x150.jpg 150w, https:\/\/pascalnoppe.com\/wp-content\/uploads\/2021\/05\/54-2-100x100.jpg 100w, https:\/\/pascalnoppe.com\/wp-content\/uploads\/2021\/05\/54-2.jpg 400w\" sizes=\"(max-width: 300px) 100vw, 300px\" \/><h2 class=\"woocommerce-loop-product__title\">Le deux chocolat<\/h2>\n<\/a><\/li>\n<li class=\"product type-product post-748 status-publish last instock product_cat-cote-sucre product_cat-petits-gateaux-cote-sucre has-post-thumbnail shipping-taxable product-type-simple\">\n\t<a href=\"https:\/\/pascalnoppe.com\/index.php\/produit\/le-dulce-de-leche\/\" class=\"woocommerce-LoopProduct-link woocommerce-loop-product__link\"><img loading=\"lazy\" decoding=\"async\" width=\"300\" height=\"300\" src=\"https:\/\/pascalnoppe.com\/wp-content\/uploads\/2021\/05\/356-1-300x300.jpg\" class=\"attachment-woocommerce_thumbnail size-woocommerce_thumbnail\" alt=\"\" srcset=\"https:\/\/pascalnoppe.com\/wp-content\/uploads\/2021\/05\/356-1-300x300.jpg 300w, https:\/\/pascalnoppe.com\/wp-content\/uploads\/2021\/05\/356-1-150x150.jpg 150w, https:\/\/pascalnoppe.com\/wp-content\/uploads\/2021\/05\/356-1-100x100.jpg 100w, https:\/\/pascalnoppe.com\/wp-content\/uploads\/2021\/05\/356-1.jpg 400w\" sizes=\"(max-width: 300px) 100vw, 300px\" \/><h2 class=\"woocommerce-loop-product__title\">Le dulce de leche<\/h2>\n<\/a><\/li>\n<li class=\"product type-product post-740 status-publish first instock product_cat-cote-sucre product_cat-petits-gateaux-cote-sucre has-post-thumbnail shipping-taxable product-type-simple\">\n\t<a href=\"https:\/\/pascalnoppe.com\/index.php\/produit\/le-fraisier\/\" class=\"woocommerce-LoopProduct-link woocommerce-loop-product__link\"><img loading=\"lazy\" decoding=\"async\" width=\"300\" height=\"300\" src=\"https:\/\/pascalnoppe.com\/wp-content\/uploads\/2021\/05\/308-1-300x300.jpg\" class=\"attachment-woocommerce_thumbnail size-woocommerce_thumbnail\" alt=\"\" srcset=\"https:\/\/pascalnoppe.com\/wp-content\/uploads\/2021\/05\/308-1-300x300.jpg 300w, https:\/\/pascalnoppe.com\/wp-content\/uploads\/2021\/05\/308-1-150x150.jpg 150w, https:\/\/pascalnoppe.com\/wp-content\/uploads\/2021\/05\/308-1-100x100.jpg 100w, https:\/\/pascalnoppe.com\/wp-content\/uploads\/2021\/05\/308-1.jpg 400w\" sizes=\"(max-width: 300px) 100vw, 300px\" \/><h2 class=\"woocommerce-loop-product__title\">Le fraisier<\/h2>\n<\/a><\/li>\n<li class=\"product type-product post-739 status-publish instock product_cat-cote-sucre product_cat-petits-gateaux-cote-sucre has-post-thumbnail shipping-taxable product-type-simple\">\n\t<a href=\"https:\/\/pascalnoppe.com\/index.php\/produit\/le-mac-tagada-2\/\" class=\"woocommerce-LoopProduct-link woocommerce-loop-product__link\"><img loading=\"lazy\" decoding=\"async\" width=\"300\" height=\"300\" src=\"https:\/\/pascalnoppe.com\/wp-content\/uploads\/2021\/05\/213-1-300x300.jpg\" class=\"attachment-woocommerce_thumbnail size-woocommerce_thumbnail\" alt=\"\" srcset=\"https:\/\/pascalnoppe.com\/wp-content\/uploads\/2021\/05\/213-1-300x300.jpg 300w, https:\/\/pascalnoppe.com\/wp-content\/uploads\/2021\/05\/213-1-150x150.jpg 150w, https:\/\/pascalnoppe.com\/wp-content\/uploads\/2021\/05\/213-1-100x100.jpg 100w, https:\/\/pascalnoppe.com\/wp-content\/uploads\/2021\/05\/213-1.jpg 400w\" sizes=\"(max-width: 300px) 100vw, 300px\" \/><h2 class=\"woocommerce-loop-product__title\">Le Mac tagada<\/h2>\n<\/a><\/li>\n<li class=\"product type-product post-732 status-publish instock product_cat-cote-sucre product_cat-petits-gateaux-cote-sucre has-post-thumbnail shipping-taxable product-type-simple\">\n\t<a href=\"https:\/\/pascalnoppe.com\/index.php\/produit\/le-macaron-royal-3\/\" class=\"woocommerce-LoopProduct-link woocommerce-loop-product__link\"><img loading=\"lazy\" decoding=\"async\" width=\"300\" height=\"300\" src=\"https:\/\/pascalnoppe.com\/wp-content\/uploads\/2021\/05\/85-2-300x300.jpg\" class=\"attachment-woocommerce_thumbnail size-woocommerce_thumbnail\" alt=\"\" srcset=\"https:\/\/pascalnoppe.com\/wp-content\/uploads\/2021\/05\/85-2-300x300.jpg 300w, https:\/\/pascalnoppe.com\/wp-content\/uploads\/2021\/05\/85-2-150x150.jpg 150w, https:\/\/pascalnoppe.com\/wp-content\/uploads\/2021\/05\/85-2-100x100.jpg 100w, https:\/\/pascalnoppe.com\/wp-content\/uploads\/2021\/05\/85-2.jpg 400w\" sizes=\"(max-width: 300px) 100vw, 300px\" \/><h2 class=\"woocommerce-loop-product__title\">Le macaron royal<\/h2>\n<\/a><\/li>\n<li class=\"product type-product post-921 status-publish last instock product_cat-cote-sucre product_cat-petits-gateaux-cote-sucre has-post-thumbnail shipping-taxable product-type-simple\">\n\t<a href=\"https:\/\/pascalnoppe.com\/index.php\/produit\/tartelette-aux-mangues\/\" class=\"woocommerce-LoopProduct-link woocommerce-loop-product__link\"><img loading=\"lazy\" decoding=\"async\" width=\"300\" height=\"300\" src=\"https:\/\/pascalnoppe.com\/wp-content\/uploads\/2021\/05\/113-1-300x300.jpg\" class=\"attachment-woocommerce_thumbnail size-woocommerce_thumbnail\" alt=\"\" srcset=\"https:\/\/pascalnoppe.com\/wp-content\/uploads\/2021\/05\/113-1-300x300.jpg 300w, https:\/\/pascalnoppe.com\/wp-content\/uploads\/2021\/05\/113-1-150x150.jpg 150w, https:\/\/pascalnoppe.com\/wp-content\/uploads\/2021\/05\/113-1-100x100.jpg 100w, https:\/\/pascalnoppe.com\/wp-content\/uploads\/2021\/05\/113-1.jpg 400w\" sizes=\"(max-width: 300px) 100vw, 300px\" \/><h2 class=\"woocommerce-loop-product__title\">Le Macaron Royal et nos porcelaines<\/h2>\n<\/a><\/li>\n<li class=\"product type-product post-750 status-publish first instock product_cat-cote-sucre product_cat-petits-gateaux-cote-sucre has-post-thumbnail shipping-taxable product-type-simple\">\n\t<a href=\"https:\/\/pascalnoppe.com\/index.php\/produit\/le-miserable\/\" class=\"woocommerce-LoopProduct-link woocommerce-loop-product__link\"><img loading=\"lazy\" decoding=\"async\" width=\"300\" height=\"300\" src=\"https:\/\/pascalnoppe.com\/wp-content\/uploads\/2021\/05\/381-1-300x300.jpg\" class=\"attachment-woocommerce_thumbnail size-woocommerce_thumbnail\" alt=\"\" srcset=\"https:\/\/pascalnoppe.com\/wp-content\/uploads\/2021\/05\/381-1-300x300.jpg 300w, https:\/\/pascalnoppe.com\/wp-content\/uploads\/2021\/05\/381-1-150x150.jpg 150w, https:\/\/pascalnoppe.com\/wp-content\/uploads\/2021\/05\/381-1-100x100.jpg 100w, https:\/\/pascalnoppe.com\/wp-content\/uploads\/2021\/05\/381-1.jpg 400w\" sizes=\"(max-width: 300px) 100vw, 300px\" \/><h2 class=\"woocommerce-loop-product__title\">Le Mis\u00e9rable<\/h2>\n<\/a><\/li>\n<li class=\"product type-product post-734 status-publish instock product_cat-cote-sucre product_cat-petits-gateaux-cote-sucre has-post-thumbnail shipping-taxable product-type-simple\">\n\t<a href=\"https:\/\/pascalnoppe.com\/index.php\/produit\/le-mont-blanc\/\" class=\"woocommerce-LoopProduct-link woocommerce-loop-product__link\"><img loading=\"lazy\" decoding=\"async\" width=\"300\" height=\"300\" src=\"https:\/\/pascalnoppe.com\/wp-content\/uploads\/2021\/05\/88-1-300x300.jpg\" class=\"attachment-woocommerce_thumbnail size-woocommerce_thumbnail\" alt=\"\" srcset=\"https:\/\/pascalnoppe.com\/wp-content\/uploads\/2021\/05\/88-1-300x300.jpg 300w, https:\/\/pascalnoppe.com\/wp-content\/uploads\/2021\/05\/88-1-150x150.jpg 150w, https:\/\/pascalnoppe.com\/wp-content\/uploads\/2021\/05\/88-1-100x100.jpg 100w, https:\/\/pascalnoppe.com\/wp-content\/uploads\/2021\/05\/88-1.jpg 400w\" sizes=\"(max-width: 300px) 100vw, 300px\" \/><h2 class=\"woocommerce-loop-product__title\">Le mont blanc<\/h2>\n<\/a><\/li>\n<li class=\"product type-product post-727 status-publish instock product_cat-cote-sucre product_cat-petits-gateaux-cote-sucre has-post-thumbnail shipping-taxable product-type-simple\">\n\t<a href=\"https:\/\/pascalnoppe.com\/index.php\/produit\/le-savarin-chantilly\/\" class=\"woocommerce-LoopProduct-link woocommerce-loop-product__link\"><img loading=\"lazy\" decoding=\"async\" width=\"300\" height=\"300\" src=\"https:\/\/pascalnoppe.com\/wp-content\/uploads\/2021\/05\/53-2-300x300.jpg\" class=\"attachment-woocommerce_thumbnail size-woocommerce_thumbnail\" alt=\"\" srcset=\"https:\/\/pascalnoppe.com\/wp-content\/uploads\/2021\/05\/53-2-300x300.jpg 300w, https:\/\/pascalnoppe.com\/wp-content\/uploads\/2021\/05\/53-2-150x150.jpg 150w, https:\/\/pascalnoppe.com\/wp-content\/uploads\/2021\/05\/53-2-100x100.jpg 100w, https:\/\/pascalnoppe.com\/wp-content\/uploads\/2021\/05\/53-2.jpg 400w\" sizes=\"(max-width: 300px) 100vw, 300px\" \/><h2 class=\"woocommerce-loop-product__title\">Le savarin chantilly<\/h2>\n<\/a><\/li>\n<li class=\"product type-product post-726 status-publish last instock product_cat-cote-sucre product_cat-petits-gateaux-cote-sucre has-post-thumbnail shipping-taxable product-type-simple\">\n\t<a href=\"https:\/\/pascalnoppe.com\/index.php\/produit\/le-sensation-exotique-2\/\" class=\"woocommerce-LoopProduct-link woocommerce-loop-product__link\"><img loading=\"lazy\" decoding=\"async\" width=\"300\" height=\"300\" src=\"https:\/\/pascalnoppe.com\/wp-content\/uploads\/2021\/05\/40-2-300x300.jpg\" class=\"attachment-woocommerce_thumbnail size-woocommerce_thumbnail\" alt=\"\" srcset=\"https:\/\/pascalnoppe.com\/wp-content\/uploads\/2021\/05\/40-2-300x300.jpg 300w, https:\/\/pascalnoppe.com\/wp-content\/uploads\/2021\/05\/40-2-150x150.jpg 150w, https:\/\/pascalnoppe.com\/wp-content\/uploads\/2021\/05\/40-2-100x100.jpg 100w, https:\/\/pascalnoppe.com\/wp-content\/uploads\/2021\/05\/40-2.jpg 400w\" sizes=\"(max-width: 300px) 100vw, 300px\" \/><h2 class=\"woocommerce-loop-product__title\">Le sensation exotique<\/h2>\n<\/a><\/li>\n<\/ul>\n<nav class=\"woocommerce-pagination\">\n\t<ul class='page-numbers'>\n\t<li><span aria-current=\"page\" class=\"page-numbers current\">1<\/span><\/li>\n\t<li><a class=\"page-numbers\" href=\"\/index.php\/wp-json\/wp\/v2\/pages\/1520?product-page=2\">2<\/a><\/li>\n\t<li><a class=\"next page-numbers\" href=\"\/index.php\/wp-json\/wp\/v2\/pages\/1520?product-page=2\">&rarr;<\/a><\/li>\n<\/ul>\n<\/nav>\n<\/div>\t\t\t\t<\/div>\n\t\t\t\t<\/div>\n\t\t\t\t\t<\/div>\n\t\t<\/div>\n\t\t\t\t\t<\/div>\n\t\t<\/section>\n\t\t\t\t<\/div>\n\t\t","protected":false},"excerpt":{"rendered":"","protected":false},"author":1,"featured_media":0,"parent":0,"menu_order":0,"comment_status":"closed","ping_status":"closed","template":"","meta":{"footnotes":""},"_links":{"self":[{"href":"https:\/\/pascalnoppe.com\/index.php\/wp-json\/wp\/v2\/pages\/1520"}],"collection":[{"href":"https:\/\/pascalnoppe.com\/index.php\/wp-json\/wp\/v2\/pages"}],"about":[{"href":"https:\/\/pascalnoppe.com\/index.php\/wp-json\/wp\/v2\/types\/page"}],"author":[{"embeddable":true,"href":"https:\/\/pascalnoppe.com\/index.php\/wp-json\/wp\/v2\/users\/1"}],"replies":[{"embeddable":true,"href":"https:\/\/pascalnoppe.com\/index.php\/wp-json\/wp\/v2\/comments?post=1520"}],"version-history":[{"count":4,"href":"https:\/\/pascalnoppe.com\/index.php\/wp-json\/wp\/v2\/pages\/1520\/revisions"}],"predecessor-version":[{"id":1524,"href":"https:\/\/pascalnoppe.com\/index.php\/wp-json\/wp\/v2\/pages\/1520\/revisions\/1524"}],"wp:attachment":[{"href":"https:\/\/pascalnoppe.com\/index.php\/wp-json\/wp\/v2\/media?parent=1520"}],"curies":[{"name":"wp","href":"https:\/\/api.w.org\/{rel}","templated":true}]}}