{"id":1401,"date":"2021-05-24T11:06:47","date_gmt":"2021-05-24T09:06:47","guid":{"rendered":"https:\/\/pascalnoppe.com\/?page_id=1401"},"modified":"2021-05-25T18:12:12","modified_gmt":"2021-05-25T16:12:12","slug":"mentions-legales","status":"publish","type":"page","link":"https:\/\/pascalnoppe.com\/index.php\/mentions-legales\/","title":{"rendered":"Mentions l\u00e9gales"},"content":{"rendered":"\t\t<div data-elementor-type=\"wp-page\" data-elementor-id=\"1401\" class=\"elementor elementor-1401\" data-elementor-post-type=\"page\">\n\t\t\t\t\t\t<section class=\"elementor-section elementor-top-section elementor-element elementor-element-fc585d6 elementor-section-boxed elementor-section-height-default elementor-section-height-default\" data-id=\"fc585d6\" data-element_type=\"section\">\n\t\t\t\t\t\t<div class=\"elementor-container elementor-column-gap-default\">\n\t\t\t\t\t<div class=\"elementor-column elementor-col-100 elementor-top-column elementor-element elementor-element-43d9f67\" data-id=\"43d9f67\" data-element_type=\"column\">\n\t\t\t<div class=\"elementor-widget-wrap elementor-element-populated\">\n\t\t\t\t\t\t<div class=\"elementor-element elementor-element-2052ff3 elementor-widget elementor-widget-spacer\" data-id=\"2052ff3\" data-element_type=\"widget\" data-widget_type=\"spacer.default\">\n\t\t\t\t<div class=\"elementor-widget-container\">\n\t\t\t\t\t\t\t<div class=\"elementor-spacer\">\n\t\t\t<div class=\"elementor-spacer-inner\"><\/div>\n\t\t<\/div>\n\t\t\t\t\t\t<\/div>\n\t\t\t\t<\/div>\n\t\t\t\t\t<\/div>\n\t\t<\/div>\n\t\t\t\t\t<\/div>\n\t\t<\/section>\n\t\t\t\t<section class=\"elementor-section elementor-top-section elementor-element elementor-element-345fae2 elementor-section-boxed elementor-section-height-default elementor-section-height-default\" data-id=\"345fae2\" data-element_type=\"section\">\n\t\t\t\t\t\t<div class=\"elementor-container elementor-column-gap-default\">\n\t\t\t\t\t<div class=\"elementor-column elementor-col-50 elementor-top-column elementor-element elementor-element-836cef0\" data-id=\"836cef0\" data-element_type=\"column\">\n\t\t\t<div class=\"elementor-widget-wrap elementor-element-populated\">\n\t\t\t\t\t\t<div class=\"elementor-element elementor-element-05e56d6 elementor-widget elementor-widget-heading\" data-id=\"05e56d6\" data-element_type=\"widget\" data-widget_type=\"heading.default\">\n\t\t\t\t<div class=\"elementor-widget-container\">\n\t\t\t\t\t<h3 class=\"elementor-heading-title elementor-size-default\">Mentions L\u00e9gales<\/h3>\t\t\t\t<\/div>\n\t\t\t\t<\/div>\n\t\t\t\t<div class=\"elementor-element elementor-element-1962c8f elementor-widget elementor-widget-heading\" data-id=\"1962c8f\" data-element_type=\"widget\" data-widget_type=\"heading.default\">\n\t\t\t\t<div class=\"elementor-widget-container\">\n\t\t\t\t\t<h4 class=\"elementor-heading-title elementor-size-default\">Entreprise<\/h4>\t\t\t\t<\/div>\n\t\t\t\t<\/div>\n\t\t\t\t<div class=\"elementor-element elementor-element-317c545 elementor-widget elementor-widget-text-editor\" data-id=\"317c545\" data-element_type=\"widget\" data-widget_type=\"text-editor.default\">\n\t\t\t\t<div class=\"elementor-widget-container\">\n\t\t\t\t\t\t\t\t\t<p>SARL Pascal Noppe <br \/>4 place Omer Vallon &#8211; 60500 Chantilly<\/p><p>SIRET 497 713 628 00012 &#8211; APE 1071D <br \/>RCS Senlis B 497 713 628 <br \/>Capital 20.000,00 \u20ac<\/p><p>T\u00e9l. 03 44 57 01 10 <br \/>Mail : contact@pascalnoppe.com<\/p>\t\t\t\t\t\t\t\t<\/div>\n\t\t\t\t<\/div>\n\t\t\t\t<div class=\"elementor-element elementor-element-e59af08 elementor-widget elementor-widget-heading\" data-id=\"e59af08\" data-element_type=\"widget\" data-widget_type=\"heading.default\">\n\t\t\t\t<div class=\"elementor-widget-container\">\n\t\t\t\t\t<h4 class=\"elementor-heading-title elementor-size-default\">Conception \/ R\u00e9alisation du site<\/h4>\t\t\t\t<\/div>\n\t\t\t\t<\/div>\n\t\t\t\t<div class=\"elementor-element elementor-element-2441aa0 elementor-widget elementor-widget-text-editor\" data-id=\"2441aa0\" data-element_type=\"widget\" data-widget_type=\"text-editor.default\">\n\t\t\t\t<div class=\"elementor-widget-container\">\n\t\t\t\t\t\t\t\t\t<p>Gouvieux Informatique<br \/>SIRET 501 635 346 00023<br \/>T\u00e9l. 06 17 10 07 05<br \/>Mail : eda.netarchi@gmail.com<\/p>\t\t\t\t\t\t\t\t<\/div>\n\t\t\t\t<\/div>\n\t\t\t\t<div class=\"elementor-element elementor-element-41a7289 elementor-widget elementor-widget-heading\" data-id=\"41a7289\" data-element_type=\"widget\" data-widget_type=\"heading.default\">\n\t\t\t\t<div class=\"elementor-widget-container\">\n\t\t\t\t\t<h4 class=\"elementor-heading-title elementor-size-default\">H\u00e9bergement du site<\/h4>\t\t\t\t<\/div>\n\t\t\t\t<\/div>\n\t\t\t\t<div class=\"elementor-element elementor-element-f253dac elementor-widget elementor-widget-text-editor\" data-id=\"f253dac\" data-element_type=\"widget\" data-widget_type=\"text-editor.default\">\n\t\t\t\t<div class=\"elementor-widget-container\">\n\t\t\t\t\t\t\t\t\t<p>SARL OVH <br \/>140 quai du Sartel &#8211; 59100 ROUBAIX <br \/>T\u00e9l. 0 899 701 761 &#8211; Fax 03 20 20 09 58 <br \/>Mail : support@ovh.com<\/p>\t\t\t\t\t\t\t\t<\/div>\n\t\t\t\t<\/div>\n\t\t\t\t\t<\/div>\n\t\t<\/div>\n\t\t\t\t<div class=\"elementor-column elementor-col-50 elementor-top-column elementor-element elementor-element-cc05a89\" data-id=\"cc05a89\" data-element_type=\"column\">\n\t\t\t<div class=\"elementor-widget-wrap elementor-element-populated\">\n\t\t\t\t\t\t<div class=\"elementor-element elementor-element-101998e elementor-widget elementor-widget-heading\" data-id=\"101998e\" data-element_type=\"widget\" data-widget_type=\"heading.default\">\n\t\t\t\t<div class=\"elementor-widget-container\">\n\t\t\t\t\t<h5 class=\"elementor-heading-title elementor-size-default\">Droits d'auteurs et copyright<\/h5>\t\t\t\t<\/div>\n\t\t\t\t<\/div>\n\t\t\t\t<div class=\"elementor-element elementor-element-8496069 elementor-widget elementor-widget-text-editor\" data-id=\"8496069\" data-element_type=\"widget\" data-widget_type=\"text-editor.default\">\n\t\t\t\t<div class=\"elementor-widget-container\">\n\t\t\t\t\t\t\t\t\t<p>L&rsquo;ensemble de ce site rel\u00e8ve de la l\u00e9gislation fran\u00e7aise et internationale sur le droit d&rsquo;auteur et la propri\u00e9t\u00e9 intellectuelle. Tous les droits de reproduction sont r\u00e9serv\u00e9s, y compris pour les documents t\u00e9l\u00e9chargeables et les repr\u00e9sentations iconographiques et photographiques. La reproduction de tout ou partie de ce site sur un support \u00e9lectronique quel qu&rsquo;il soit est formellement interdite sauf autorisation expresse de SARL Pascal Noppe.<\/p>\t\t\t\t\t\t\t\t<\/div>\n\t\t\t\t<\/div>\n\t\t\t\t<div class=\"elementor-element elementor-element-f20d4f2 elementor-widget elementor-widget-heading\" data-id=\"f20d4f2\" data-element_type=\"widget\" data-widget_type=\"heading.default\">\n\t\t\t\t<div class=\"elementor-widget-container\">\n\t\t\t\t\t<h5 class=\"elementor-heading-title elementor-size-default\">Donn\u00e9es personnelles<\/h5>\t\t\t\t<\/div>\n\t\t\t\t<\/div>\n\t\t\t\t<div class=\"elementor-element elementor-element-3e40745 elementor-widget elementor-widget-text-editor\" data-id=\"3e40745\" data-element_type=\"widget\" data-widget_type=\"text-editor.default\">\n\t\t\t\t<div class=\"elementor-widget-container\">\n\t\t\t\t\t\t\t\t\t<p>Les informations collect\u00e9es sont destin\u00e9es uniquement \u00e0 l&rsquo;usage de SARL Pascal Noppe. Conform\u00e9ment \u00e0 la loi n\u00b078-17 du 6 janvier 1978 relative \u00e0 l&rsquo;informatique, aux fichiers et aux libert\u00e9s, vous disposez d&rsquo;un droit d&rsquo;acc\u00e8s, de modification, de rectification et de suppression des donn\u00e9es qui vous concernent (art. 34 de la loi \u00ab\u00a0Informatique et Libert\u00e9s\u00a0\u00bb). Pour l&rsquo;exercer, adressez vous \u00e0 :<\/p><p>SARL Pascal Noppe<br \/>4 place Omer Vallon<br \/>60500 Chantilly<br \/>T\u00e9l. 03 44 57 01 10<br \/>Mail : contact@pascalnoppe.com<\/p>\t\t\t\t\t\t\t\t<\/div>\n\t\t\t\t<\/div>\n\t\t\t\t<div class=\"elementor-element elementor-element-6a7a160 elementor-widget elementor-widget-heading\" data-id=\"6a7a160\" data-element_type=\"widget\" data-widget_type=\"heading.default\">\n\t\t\t\t<div class=\"elementor-widget-container\">\n\t\t\t\t\t<h5 class=\"elementor-heading-title elementor-size-default\">D\u00e9charge de responsabilit\u00e9<\/h5>\t\t\t\t<\/div>\n\t\t\t\t<\/div>\n\t\t\t\t<div class=\"elementor-element elementor-element-64706b6 elementor-widget elementor-widget-text-editor\" data-id=\"64706b6\" data-element_type=\"widget\" data-widget_type=\"text-editor.default\">\n\t\t\t\t<div class=\"elementor-widget-container\">\n\t\t\t\t\t\t\t\t\t<p>Alors que nous avons effectu\u00e9 toutes les d\u00e9marches pour nous assurer de la fiabilit\u00e9 des informations contenues sur ce site internet, SARL Pascal Noppe ne peut encourir aucune responsabilit\u00e9 du fait d&rsquo;erreurs, d&rsquo;omissions, ou pour les r\u00e9sultats qui pourraient \u00eatre obtenus par l&rsquo;usage de ces informations. SARL Pascal Noppe n&rsquo;est tenu que d&rsquo;une obligation de moyens concernant les informations qu&rsquo;il met \u00e0 disposition des personnes qui acc\u00e8dent \u00e0 son site internet. Par ailleurs, l&rsquo;usage de liens hypertextes peut conduire votre consultation de notre site vers d&rsquo;autres serveurs, serveurs sur lesquels SARL Pascal Noppe n&rsquo;a aucun contr\u00f4le. reproduction de tout ou partie de ce site sur un support \u00e9lectronique quel qu&rsquo;il soit est formellement interdite sauf autorisation expresse de SARL Pascal Noppe.<\/p>\t\t\t\t\t\t\t\t<\/div>\n\t\t\t\t<\/div>\n\t\t\t\t<div class=\"elementor-element elementor-element-10fd5fb elementor-widget elementor-widget-heading\" data-id=\"10fd5fb\" data-element_type=\"widget\" data-widget_type=\"heading.default\">\n\t\t\t\t<div class=\"elementor-widget-container\">\n\t\t\t\t\t<h5 class=\"elementor-heading-title elementor-size-default\">Acc\u00e8s au site Internet<\/h5>\t\t\t\t<\/div>\n\t\t\t\t<\/div>\n\t\t\t\t<div class=\"elementor-element elementor-element-cdae4b2 elementor-widget elementor-widget-text-editor\" data-id=\"cdae4b2\" data-element_type=\"widget\" data-widget_type=\"text-editor.default\">\n\t\t\t\t<div class=\"elementor-widget-container\">\n\t\t\t\t\t\t\t\t\t<p>L&rsquo;acc\u00e8s au Site est possible 24 heures sur 24, 7 jours sur 7, sauf en cas de force majeure ou d&rsquo;un \u00e9v\u00e9nement hors du contr\u00f4le de SARL Pascal Noppe et sous r\u00e9serve des \u00e9ventuelles pannes et interventions de maintenance n\u00e9cessaires au bon fonctionnement du Site et des mat\u00e9riels aff\u00e9rents. L&rsquo;acc\u00e8s au service se fait \u00e0 partir d&rsquo;un micro-ordinateur connect\u00e9 \u00e0 un r\u00e9seau de t\u00e9l\u00e9communication permettant l&rsquo;acc\u00e8s au Site selon les protocoles de communication utilis\u00e9s sur le r\u00e9seau d&rsquo;Internet.<\/p>\t\t\t\t\t\t\t\t<\/div>\n\t\t\t\t<\/div>\n\t\t\t\t\t<\/div>\n\t\t<\/div>\n\t\t\t\t\t<\/div>\n\t\t<\/section>\n\t\t\t\t<\/div>\n\t\t","protected":false},"excerpt":{"rendered":"<p>Mentions L\u00e9gales Entreprise SARL Pascal Noppe 4 place Omer Vallon &#8211; 60500 Chantilly SIRET 497 713 628 00012 &#8211; APE 1071D RCS Senlis B 497 713 628 Capital 20.000,00 \u20ac T\u00e9l. 03 44 57 01 10 Mail : contact@pascalnoppe.com Conception \/ R\u00e9alisation du site Gouvieux InformatiqueSIRET 501 635 346 00023T\u00e9l. 06 17 10 07 05Mail [&hellip;]<\/p>\n","protected":false},"author":1,"featured_media":0,"parent":0,"menu_order":0,"comment_status":"closed","ping_status":"closed","template":"","meta":{"footnotes":""},"_links":{"self":[{"href":"https:\/\/pascalnoppe.com\/index.php\/wp-json\/wp\/v2\/pages\/1401"}],"collection":[{"href":"https:\/\/pascalnoppe.com\/index.php\/wp-json\/wp\/v2\/pages"}],"about":[{"href":"https:\/\/pascalnoppe.com\/index.php\/wp-json\/wp\/v2\/types\/page"}],"author":[{"embeddable":true,"href":"https:\/\/pascalnoppe.com\/index.php\/wp-json\/wp\/v2\/users\/1"}],"replies":[{"embeddable":true,"href":"https:\/\/pascalnoppe.com\/index.php\/wp-json\/wp\/v2\/comments?post=1401"}],"version-history":[{"count":13,"href":"https:\/\/pascalnoppe.com\/index.php\/wp-json\/wp\/v2\/pages\/1401\/revisions"}],"predecessor-version":[{"id":1704,"href":"https:\/\/pascalnoppe.com\/index.php\/wp-json\/wp\/v2\/pages\/1401\/revisions\/1704"}],"wp:attachment":[{"href":"https:\/\/pascalnoppe.com\/index.php\/wp-json\/wp\/v2\/media?parent=1401"}],"curies":[{"name":"wp","href":"https:\/\/api.w.org\/{rel}","templated":true}]}}